{"id":3945,"date":"2024-12-11T15:57:44","date_gmt":"2024-12-11T20:57:44","guid":{"rendered":"https:\/\/tassili.ca\/a-propos\/"},"modified":"2025-06-24T14:02:56","modified_gmt":"2025-06-24T18:02:56","slug":"about-tassili","status":"publish","type":"page","link":"https:\/\/tassili.ca\/en\/about-tassili\/","title":{"rendered":"About Tassili"},"content":{"rendered":"<p>[et_pb_section fb_built=&#8221;1&#8243; custom_padding_last_edited=&#8221;on|phone&#8221; _builder_version=&#8221;4.27.4&#8243; _module_preset=&#8221;default&#8221; background_color=&#8221;gcid-9085a46a-bb77-411b-92d5-1f7bcbad1c85&#8243; custom_margin=&#8221;0px|0px|0px|0px|false|false&#8221; custom_padding=&#8221;0px|0px|20px|0px|false|false&#8221; custom_padding_tablet=&#8221;||20px||false|false&#8221; custom_padding_phone=&#8221;||10px||false|false&#8221; global_colors_info=&#8221;{%22gcid-9085a46a-bb77-411b-92d5-1f7bcbad1c85%22:%91%22background_color%22%93}&#8221;][et_pb_row _builder_version=&#8221;4.27.4&#8243; _module_preset=&#8221;default&#8221; background_color=&#8221;#FFFFFF&#8221; width=&#8221;100%&#8221; module_alignment=&#8221;center&#8221; custom_margin=&#8221;0px|0px|0px|0px|false|false&#8221; custom_padding=&#8221;0px|0px|0px|0px|false|false&#8221; global_colors_info=&#8221;{}&#8221;][et_pb_column type=&#8221;4_4&#8243; _builder_version=&#8221;4.27.4&#8243; _module_preset=&#8221;default&#8221; global_colors_info=&#8221;{}&#8221;][et_pb_image src=&#8221;<a href=\"https:\/\/tassili.ca\/wp-content\/uploads\/2025\/06\/A-propos-Entete.png&#038;#8221\">https:\/\/tassili.ca\/wp-content\/uploads\/2025\/06\/A-propos-Entete.png&#038;#8221<\/a>; title_text=&#8221;A-propos-Entete&#8221; align=&#8221;center&#8221; force_fullwidth=&#8221;on&#8221; src_tablet=&#8221;<a href=\"https:\/\/tassili.ca\/wp-content\/uploads\/2025\/06\/A-propos-Entete.jpg&#038;#8221\">https:\/\/tassili.ca\/wp-content\/uploads\/2025\/06\/A-propos-Entete.jpg&#038;#8221<\/a>; src_phone=&#8221;<a href=\"https:\/\/tassili.ca\/wp-content\/uploads\/2025\/06\/A-propos-Entete.jpg&#038;#8221\">https:\/\/tassili.ca\/wp-content\/uploads\/2025\/06\/A-propos-Entete.jpg&#038;#8221<\/a>; src_last_edited=&#8221;on|tablet&#8221; _builder_version=&#8221;4.27.4&#8243; _module_preset=&#8221;default&#8221; min_height_tablet=&#8221;&#8221; min_height_phone=&#8221;&#8221; min_height_last_edited=&#8221;on|phone&#8221; custom_margin=&#8221;0px|0px|0px|0px|false|false&#8221; custom_padding=&#8221;0px|0px|0px|0px|false|false&#8221; custom_padding_tablet=&#8221;||30px||false|false&#8221; custom_padding_phone=&#8221;||30px||false|false&#8221; custom_padding_last_edited=&#8221;on|phone&#8221; global_colors_info=&#8221;{}&#8221;][\/et_pb_image][\/et_pb_column][\/et_pb_row][et_pb_row column_structure=&#8221;1_4,3_4&#8243; _builder_version=&#8221;4.27.4&#8243; _module_preset=&#8221;default&#8221; background_color=&#8221;#FFFFFF&#8221; width=&#8221;100%&#8221; module_alignment=&#8221;center&#8221; custom_margin=&#8221;0px|0px|0px|0px|false|false&#8221; custom_padding=&#8221;0px|0px|0px|0px|false|false&#8221; global_colors_info=&#8221;{}&#8221;][et_pb_column type=&#8221;1_4&#8243; disabled_on=&#8221;on|on|off&#8221; _builder_version=&#8221;4.27.4&#8243; _module_preset=&#8221;default&#8221; global_colors_info=&#8221;{}&#8221;][et_pb_image src=&#8221;<a href=\"https:\/\/tassili.ca\/wp-content\/uploads\/2025\/06\/A-propos-douche.png&#038;#8221\">https:\/\/tassili.ca\/wp-content\/uploads\/2025\/06\/A-propos-douche.png&#038;#8221<\/a>; title_text=&#8221;A propos-douche&#8221; _builder_version=&#8221;4.27.4&#8243; _module_preset=&#8221;default&#8221; transform_scale=&#8221;400%|400%&#8221; transform_scale_tablet=&#8221;100%|100%&#8221; transform_scale_phone=&#8221;100%|100%&#8221; transform_scale_last_edited=&#8221;on|tablet&#8221; transform_translate=&#8221;43px|127px&#8221; transform_translate_tablet=&#8221;0px|60px&#8221; transform_translate_phone=&#8221;0px|60px&#8221; transform_translate_last_edited=&#8221;on|phone&#8221; transform_rotate_tablet=&#8221;&#8221; transform_rotate_phone=&#8221;&#8221; transform_rotate_last_edited=&#8221;on|tablet&#8221; transform_skew_tablet=&#8221;&#8221; transform_skew_phone=&#8221;&#8221; transform_skew_last_edited=&#8221;on|tablet&#8221; transform_origin_tablet=&#8221;&#8221; transform_origin_phone=&#8221;&#8221; transform_origin_last_edited=&#8221;on|tablet&#8221; transform_styles_last_edited=&#8221;on|phone&#8221; width=&#8221;100%&#8221; max_width=&#8221;32%&#8221; custom_margin=&#8221;300px||||false|false&#8221; transform_styles_tablet=&#8221;&#8221; transform_styles_phone=&#8221;&#8221; global_colors_info=&#8221;{}&#8221;][\/et_pb_image][\/et_pb_column][et_pb_column type=&#8221;3_4&#8243; _builder_version=&#8221;4.27.4&#8243; _module_preset=&#8221;default&#8221; custom_padding=&#8221;0px|0px|0px|0px|false|false&#8221; global_colors_info=&#8221;{}&#8221;][et_pb_text _builder_version=&#8221;4.27.4&#8243; _module_preset=&#8221;default&#8221; header_text_color=&#8221;#000000&#8243; header_font_size=&#8221;75px&#8221; header_2_text_color=&#8221;gcid-66af6308-50c7-4ba9-a64b-0f116b82587c&#8221; header_2_font_size=&#8221;70px&#8221; header_2_line_height=&#8221;0.7em&#8221; header_3_text_color=&#8221;gcid-66af6308-50c7-4ba9-a64b-0f116b82587c&#8221; width=&#8221;52%&#8221; width_tablet=&#8221;55%&#8221; width_phone=&#8221;90%&#8221; width_last_edited=&#8221;on|phone&#8221; custom_margin=&#8221;||||false|false&#8221; custom_padding=&#8221;0px|0px|0px|0px|false|false&#8221; custom_padding_tablet=&#8221;|||50px|false|false&#8221; custom_padding_phone=&#8221;||50px||false|false&#8221; custom_padding_last_edited=&#8221;on|tablet&#8221; hover_enabled=&#8221;0&#8243; header_font_size_tablet=&#8221;75px&#8221; header_font_size_phone=&#8221;60px&#8221; header_font_size_last_edited=&#8221;on|phone&#8221; header_2_font_size_tablet=&#8221;70px&#8221; header_2_font_size_phone=&#8221;63px&#8221; header_2_font_size_last_edited=&#8221;on|tablet&#8221; header_2_line_height_tablet=&#8221;0.7em&#8221; header_2_line_height_phone=&#8221;0.5em&#8221; header_2_line_height_last_edited=&#8221;on|phone&#8221; global_colors_info=&#8221;{%22gcid-66af6308-50c7-4ba9-a64b-0f116b82587c%22:%91%22header_3_text_color%22,%22header_2_text_color%22%93}&#8221; sticky_enabled=&#8221;0&#8243;]<\/p>\n<h1>ABOUT<\/h1>\n<h2>Tassili<\/h2>\n<p>&nbsp;<\/p>\n<p>Leader in plumbing supplies and bathroom furniture, Tassili is known for its broad expertise. Our products are sold exclusively at Canac.[\/et_pb_text][et_pb_image src=&#8221;<a href=\"https:\/\/tassili.ca\/wp-content\/uploads\/2025\/06\/a-propos-table-vanite.png&#038;#8221\">https:\/\/tassili.ca\/wp-content\/uploads\/2025\/06\/a-propos-table-vanite.png&#038;#8221<\/a>; title_text=&#8221;a-propos-table-vanite&#8221; align=&#8221;right&#8221; _builder_version=&#8221;4.27.4&#8243; _module_preset=&#8221;default&#8221; transform_scale_tablet=&#8221;&#8221; transform_scale_phone=&#8221;143%|143%&#8221; transform_scale_last_edited=&#8221;on|desktop&#8221; transform_translate_tablet=&#8221;&#8221; transform_translate_phone=&#8221;-55px|4px&#8221; transform_translate_last_edited=&#8221;on|tablet&#8221; transform_rotate_tablet=&#8221;&#8221; transform_rotate_phone=&#8221;&#8221; transform_rotate_last_edited=&#8221;on|phone&#8221; transform_skew_tablet=&#8221;&#8221; transform_skew_phone=&#8221;&#8221; transform_skew_last_edited=&#8221;on|phone&#8221; transform_origin_tablet=&#8221;&#8221; transform_origin_phone=&#8221;&#8221; transform_origin_last_edited=&#8221;on|phone&#8221; transform_styles_last_edited=&#8221;on|desktop&#8221; width=&#8221;100%&#8221; module_alignment=&#8221;right&#8221; custom_margin=&#8221;-250px|0px|0px|0px|false|false&#8221; custom_margin_tablet=&#8221;-250px|0px|0px|0px|false|false&#8221; custom_margin_phone=&#8221;-50px||||false|false&#8221; custom_margin_last_edited=&#8221;on|phone&#8221; custom_padding=&#8221;0px|0px|0px|0px|false|false&#8221; transform_styles_tablet=&#8221;&#8221; transform_styles_phone=&#8221;&#8221; global_colors_info=&#8221;{}&#8221;][\/et_pb_image][et_pb_text _builder_version=&#8221;4.27.4&#8243; _module_preset=&#8221;default&#8221; background_color=&#8221;gcid-66af6308-50c7-4ba9-a64b-0f116b82587c&#8221; custom_margin=&#8221;0px|0px|0px|0px|false|false&#8221; custom_margin_tablet=&#8221;0px|0px|0px|0px|false|false&#8221; custom_margin_phone=&#8221;50px|0px|0px|0px|false|false&#8221; custom_margin_last_edited=&#8221;on|phone&#8221; custom_padding=&#8221;0px|150px|50px|150px|false|false&#8221; custom_padding_tablet=&#8221;|50px||50px|false|false&#8221; custom_padding_phone=&#8221;0px||||false|false&#8221; custom_padding_last_edited=&#8221;on|phone&#8221; hover_enabled=&#8221;0&#8243; global_colors_info=&#8221;{%22gcid-66af6308-50c7-4ba9-a64b-0f116b82587c%22:%91%22background_color%22%93}&#8221; sticky_enabled=&#8221;0&#8243;]<\/p>\n<p>Every effort is being made to offer you products that are long-lasting and of superior quality. Our products are unique, easy to install and guaranteed.<\/p>\n<p>Our highly-skilled teams constantly develop cutting-edge processes in order to create, test and improve products that can meet your design and quality needs. Therefore, we are able to provide you high-performance, esthetic products.<\/p>\n<p>We are well aware of how much interior design and renovations can be pure enjoyment. Our duty is to offer you a selection to match perfectly the style of your home, whether it is for the kitchen or bathroom.<\/p>\n<p>[\/et_pb_text][et_pb_image src=&#8221;<a href=\"https:\/\/tassili.ca\/wp-content\/uploads\/2025\/06\/Tassili-logo-T-Blanc.png&#038;#8221\">https:\/\/tassili.ca\/wp-content\/uploads\/2025\/06\/Tassili-logo-T-Blanc.png&#038;#8221<\/a>; title_text=&#8221;Tassili-logo-T-Blanc&#8221; align=&#8221;center&#8221; _builder_version=&#8221;4.27.4&#8243; _module_preset=&#8221;default&#8221; background_color=&#8221;gcid-66af6308-50c7-4ba9-a64b-0f116b82587c&#8221; max_height=&#8221;75px&#8221; custom_padding=&#8221;||50px||false|false&#8221; global_colors_info=&#8221;{%22gcid-66af6308-50c7-4ba9-a64b-0f116b82587c%22:%91%22background_color%22%93}&#8221;][\/et_pb_image][et_pb_text _builder_version=&#8221;4.27.4&#8243; _module_preset=&#8221;default&#8221; header_font=&#8221;|||on|||||&#8221; header_font_size=&#8221;70px&#8221; header_2_font=&#8221;|||on|||||&#8221; header_2_text_color=&#8221;gcid-66af6308-50c7-4ba9-a64b-0f116b82587c&#8221; header_2_font_size=&#8221;65px&#8221; custom_padding=&#8221;50px||50px|150px|false|false&#8221; custom_padding_tablet=&#8221;|||50px|false|false&#8221; custom_padding_phone=&#8221;|||30px|false|false&#8221; custom_padding_last_edited=&#8221;on|phone&#8221; hover_enabled=&#8221;0&#8243; header_2_font_size_tablet=&#8221;55px&#8221; header_2_font_size_phone=&#8221;45px&#8221; header_2_font_size_last_edited=&#8221;on|desktop&#8221; global_colors_info=&#8221;{%22gcid-66af6308-50c7-4ba9-a64b-0f116b82587c%22:%91%22header_2_text_color%22%93}&#8221; sticky_enabled=&#8221;0&#8243;]<\/p>\n<h2>Rely on our expertise<\/h2>\n<p>[\/et_pb_text][et_pb_image src=&#8221;<a href=\"https:\/\/tassili.ca\/wp-content\/uploads\/2025\/06\/A-propos-Image-salle-de-bain-BAS-1.jpg&#038;#8221\">https:\/\/tassili.ca\/wp-content\/uploads\/2025\/06\/A-propos-Image-salle-de-bain-BAS-1.jpg&#038;#8221<\/a>; title_text=&#8221;A propos-Image-salle-de-bain-BAS&#8221; force_fullwidth=&#8221;on&#8221; _builder_version=&#8221;4.27.4&#8243; _module_preset=&#8221;default&#8221; custom_margin=&#8221;0px|0px|0px|0px|false|false&#8221; custom_padding=&#8221;0px|0px|0px|0px|false|false&#8221; global_colors_info=&#8221;{}&#8221;][\/et_pb_image][\/et_pb_column][\/et_pb_row][et_pb_row column_structure=&#8221;1_4,3_4&#8243; _builder_version=&#8221;4.27.4&#8243; _module_preset=&#8221;default&#8221; background_color=&#8221;gcid-66af6308-50c7-4ba9-a64b-0f116b82587c&#8221; width=&#8221;100%&#8221; module_alignment=&#8221;center&#8221; custom_margin=&#8221;0px|0px|100px|0px|false|false&#8221; custom_padding=&#8221;0px|0px|0px|0px|false|false&#8221; border_width_bottom=&#8221;100px&#8221; border_color_bottom=&#8221;#FFFFFF&#8221; border_width_bottom_tablet=&#8221;0px&#8221; border_width_bottom_phone=&#8221;0px&#8221; border_width_bottom_last_edited=&#8221;on|phone&#8221; global_colors_info=&#8221;{%22gcid-66af6308-50c7-4ba9-a64b-0f116b82587c%22:%91%22background_color%22%93}&#8221;][et_pb_column type=&#8221;1_4&#8243; _builder_version=&#8221;4.27.4&#8243; _module_preset=&#8221;default&#8221; global_colors_info=&#8221;{}&#8221;][\/et_pb_column][et_pb_column type=&#8221;3_4&#8243; _builder_version=&#8221;4.27.4&#8243; _module_preset=&#8221;default&#8221; global_colors_info=&#8221;{}&#8221;][et_pb_text _builder_version=&#8221;4.27.4&#8243; _module_preset=&#8221;default&#8221; header_font=&#8221;|||on|||||&#8221; header_font_size=&#8221;70px&#8221; header_2_font=&#8221;|||on|||||&#8221; header_2_text_color=&#8221;#FFFFFF&#8221; header_2_font_size=&#8221;65px&#8221; custom_padding=&#8221;50px||50px|150px|false|false&#8221; custom_padding_tablet=&#8221;30px||50px|50px|false|false&#8221; custom_padding_phone=&#8221;20px||30px|30px|false|false&#8221; custom_padding_last_edited=&#8221;on|phone&#8221; hover_enabled=&#8221;0&#8243; header_2_font_size_tablet=&#8221;55px&#8221; header_2_font_size_phone=&#8221;45px&#8221; header_2_font_size_last_edited=&#8221;on|phone&#8221; border_width_bottom_tablet=&#8221;&#8221; border_width_bottom_phone=&#8221;&#8221; border_width_bottom_last_edited=&#8221;on|phone&#8221; global_colors_info=&#8221;{}&#8221; sticky_enabled=&#8221;0&#8243;]<\/p>\n<h2>We will exceed<br \/>\nyour expectations<br \/>\n<\/h2>\n<p>[\/et_pb_text][\/et_pb_column][\/et_pb_row][\/et_pb_section]<\/p>\n","protected":false},"excerpt":{"rendered":"<p>ABOUT Tassili &nbsp; Leader in plumbing supplies and bathroom furniture, Tassili is known for its broad expertise. Our products are sold exclusively at Canac.Every effort is being made to offer you products that are long-lasting and of superior quality. Our products are unique, easy to install and guaranteed. Our highly-skilled teams constantly develop cutting-edge processes [&hellip;]<\/p>\n","protected":false},"author":259437221,"featured_media":0,"parent":0,"menu_order":0,"comment_status":"closed","ping_status":"open","template":"","meta":{"_et_pb_use_builder":"on","_et_pb_old_content":"<!-- wp:paragraph -->\n<p>Ceci est un exemple de page. \u00c0 la diff\u00e9rence des articles, qui sont affich\u00e9s sur la page d\u2019accueil de votre blog dans leur ordre de publication, les pages sont plut\u00f4t destin\u00e9es \u00e0 du contenu dont vous souhaitez qu\u2019il soit toujours facilement accessible, comme votre pr\u00e9sentation ou vos coordonn\u00e9es. Cliquez sur le lien de modification pour modifier cette page ou <a title=\"Lien direct vers l\u2019option Ajouter une nouvelle page sur votre tableau de bord\" href=\"https:\/\/wordpress.com\/page\/239822492\/new\/\">ajouter une autre page<\/a>.<\/p>\n<!-- \/wp:paragraph -->","_et_gb_content_width":"","_crdt_document":"","jetpack_post_was_ever_published":false,"footnotes":""},"class_list":["post-3945","page","type-page","status-publish","hentry"],"yoast_head":"<!-- This site is optimized with the Yoast SEO plugin v27.3 - https:\/\/yoast.com\/product\/yoast-seo-wordpress\/ -->\n<title>About Tassili - Tassili<\/title>\n<meta name=\"robots\" content=\"index, follow, max-snippet:-1, max-image-preview:large, max-video-preview:-1\" \/>\n<link rel=\"canonical\" href=\"https:\/\/tassili.ca\/en\/about-tassili\/\" \/>\n<meta property=\"og:locale\" content=\"en_US\" \/>\n<meta property=\"og:type\" content=\"article\" \/>\n<meta property=\"og:title\" content=\"About Tassili - Tassili\" \/>\n<meta property=\"og:description\" content=\"ABOUT Tassili &nbsp; Leader in plumbing supplies and bathroom furniture, Tassili is known for its broad expertise. Our products are sold exclusively at Canac.Every effort is being made to offer you products that are long-lasting and of superior quality. Our products are unique, easy to install and guaranteed. Our highly-skilled teams constantly develop cutting-edge processes [&hellip;]\" \/>\n<meta property=\"og:url\" content=\"https:\/\/tassili.ca\/en\/about-tassili\/\" \/>\n<meta property=\"og:site_name\" content=\"Tassili\" \/>\n<meta property=\"article:modified_time\" content=\"2025-06-24T18:02:56+00:00\" \/>\n<meta name=\"twitter:card\" content=\"summary_large_image\" \/>\n<meta name=\"twitter:label1\" content=\"Est. reading time\" \/>\n\t<meta name=\"twitter:data1\" content=\"2 minutes\" \/>\n<script type=\"application\/ld+json\" class=\"yoast-schema-graph\">{\"@context\":\"https:\\\/\\\/schema.org\",\"@graph\":[{\"@type\":\"WebPage\",\"@id\":\"https:\\\/\\\/tassili.ca\\\/en\\\/about-tassili\\\/\",\"url\":\"https:\\\/\\\/tassili.ca\\\/en\\\/about-tassili\\\/\",\"name\":\"About Tassili - Tassili\",\"isPartOf\":{\"@id\":\"https:\\\/\\\/tassili.ca\\\/en\\\/#website\"},\"datePublished\":\"2024-12-11T20:57:44+00:00\",\"dateModified\":\"2025-06-24T18:02:56+00:00\",\"breadcrumb\":{\"@id\":\"https:\\\/\\\/tassili.ca\\\/en\\\/about-tassili\\\/#breadcrumb\"},\"inLanguage\":\"en-US\",\"potentialAction\":[{\"@type\":\"ReadAction\",\"target\":[\"https:\\\/\\\/tassili.ca\\\/en\\\/about-tassili\\\/\"]}]},{\"@type\":\"BreadcrumbList\",\"@id\":\"https:\\\/\\\/tassili.ca\\\/en\\\/about-tassili\\\/#breadcrumb\",\"itemListElement\":[{\"@type\":\"ListItem\",\"position\":1,\"name\":\"Accueil\",\"item\":\"https:\\\/\\\/tassili.ca\\\/en\\\/\"},{\"@type\":\"ListItem\",\"position\":2,\"name\":\"About Tassili\"}]},{\"@type\":\"WebSite\",\"@id\":\"https:\\\/\\\/tassili.ca\\\/en\\\/#website\",\"url\":\"https:\\\/\\\/tassili.ca\\\/en\\\/\",\"name\":\"Tassili\",\"description\":\"Inspirer votre quotidien\",\"potentialAction\":[{\"@type\":\"SearchAction\",\"target\":{\"@type\":\"EntryPoint\",\"urlTemplate\":\"https:\\\/\\\/tassili.ca\\\/en\\\/?s={search_term_string}\"},\"query-input\":{\"@type\":\"PropertyValueSpecification\",\"valueRequired\":true,\"valueName\":\"search_term_string\"}}],\"inLanguage\":\"en-US\"}]}<\/script>\n<!-- \/ Yoast SEO plugin. -->","yoast_head_json":{"title":"About Tassili - Tassili","robots":{"index":"index","follow":"follow","max-snippet":"max-snippet:-1","max-image-preview":"max-image-preview:large","max-video-preview":"max-video-preview:-1"},"canonical":"https:\/\/tassili.ca\/en\/about-tassili\/","og_locale":"en_US","og_type":"article","og_title":"About Tassili - Tassili","og_description":"ABOUT Tassili &nbsp; Leader in plumbing supplies and bathroom furniture, Tassili is known for its broad expertise. Our products are sold exclusively at Canac.Every effort is being made to offer you products that are long-lasting and of superior quality. Our products are unique, easy to install and guaranteed. Our highly-skilled teams constantly develop cutting-edge processes [&hellip;]","og_url":"https:\/\/tassili.ca\/en\/about-tassili\/","og_site_name":"Tassili","article_modified_time":"2025-06-24T18:02:56+00:00","twitter_card":"summary_large_image","twitter_misc":{"Est. reading time":"2 minutes"},"schema":{"@context":"https:\/\/schema.org","@graph":[{"@type":"WebPage","@id":"https:\/\/tassili.ca\/en\/about-tassili\/","url":"https:\/\/tassili.ca\/en\/about-tassili\/","name":"About Tassili - Tassili","isPartOf":{"@id":"https:\/\/tassili.ca\/en\/#website"},"datePublished":"2024-12-11T20:57:44+00:00","dateModified":"2025-06-24T18:02:56+00:00","breadcrumb":{"@id":"https:\/\/tassili.ca\/en\/about-tassili\/#breadcrumb"},"inLanguage":"en-US","potentialAction":[{"@type":"ReadAction","target":["https:\/\/tassili.ca\/en\/about-tassili\/"]}]},{"@type":"BreadcrumbList","@id":"https:\/\/tassili.ca\/en\/about-tassili\/#breadcrumb","itemListElement":[{"@type":"ListItem","position":1,"name":"Accueil","item":"https:\/\/tassili.ca\/en\/"},{"@type":"ListItem","position":2,"name":"About Tassili"}]},{"@type":"WebSite","@id":"https:\/\/tassili.ca\/en\/#website","url":"https:\/\/tassili.ca\/en\/","name":"Tassili","description":"Inspirer votre quotidien","potentialAction":[{"@type":"SearchAction","target":{"@type":"EntryPoint","urlTemplate":"https:\/\/tassili.ca\/en\/?s={search_term_string}"},"query-input":{"@type":"PropertyValueSpecification","valueRequired":true,"valueName":"search_term_string"}}],"inLanguage":"en-US"}]}},"jetpack_likes_enabled":true,"jetpack_sharing_enabled":true,"jetpack_shortlink":"https:\/\/wp.me\/PgegMI-11D","_links":{"self":[{"href":"https:\/\/tassili.ca\/en\/wp-json\/wp\/v2\/pages\/3945","targetHints":{"allow":["GET"]}}],"collection":[{"href":"https:\/\/tassili.ca\/en\/wp-json\/wp\/v2\/pages"}],"about":[{"href":"https:\/\/tassili.ca\/en\/wp-json\/wp\/v2\/types\/page"}],"author":[{"embeddable":true,"href":"https:\/\/tassili.ca\/en\/wp-json\/wp\/v2\/users\/259437221"}],"replies":[{"embeddable":true,"href":"https:\/\/tassili.ca\/en\/wp-json\/wp\/v2\/comments?post=3945"}],"version-history":[{"count":3,"href":"https:\/\/tassili.ca\/en\/wp-json\/wp\/v2\/pages\/3945\/revisions"}],"predecessor-version":[{"id":3948,"href":"https:\/\/tassili.ca\/en\/wp-json\/wp\/v2\/pages\/3945\/revisions\/3948"}],"wp:attachment":[{"href":"https:\/\/tassili.ca\/en\/wp-json\/wp\/v2\/media?parent=3945"}],"curies":[{"name":"wp","href":"https:\/\/api.w.org\/{rel}","templated":true}]}}