{"id":10037,"date":"2025-08-07T11:42:44","date_gmt":"2025-08-07T15:42:44","guid":{"rendered":"https:\/\/tassili.ca\/?post_type=product&#038;p=10037"},"modified":"2025-08-15T08:46:30","modified_gmt":"2025-08-15T12:46:30","slug":"elsa-vanity-grey-19-7-8-in","status":"publish","type":"product","link":"https:\/\/tassili.ca\/en\/produit\/elsa-vanity-grey-19-7-8-in\/","title":{"rendered":"Elsa Vanity Grey 19 7\/8 in."},"content":{"rendered":"<p>Meuble-lavabo pr\u00e9-assembl\u00e9 en m\u00e9lamine avec lavabo en porcelaine vitrifi\u00e9e. Portes avec charni\u00e8res \u00e0 fermeture lente et poign\u00e9es fini nickel bross\u00e9. Per\u00e7age pour robinetterie de 4 po d&#8217;entraxe (c\/c). Gris. (Robinetterie vendue s\u00e9par\u00e9ment).<\/p>\n","protected":false},"excerpt":{"rendered":"<p>Meuble-lavabo pr\u00e9-assembl\u00e9 en m\u00e9lamine avec lavabo en porcelaine vitrifi\u00e9e. Portes avec charni\u00e8res \u00e0 fermeture lente et poign\u00e9es fini nickel bross\u00e9. Per\u00e7age pour robinetterie de 4 po d&#8217;entraxe (c\/c). Gris. (Robinetterie vendue s\u00e9par\u00e9ment).<\/p>\n","protected":false},"featured_media":2272,"template":"","meta":{"_et_pb_use_builder":"","_et_pb_old_content":"","_et_gb_content_width":"","jetpack_post_was_ever_published":true,"jetpack_publicize_message":"","jetpack_publicize_feature_enabled":true,"jetpack_social_post_already_shared":true,"jetpack_social_options":{"image_generator_settings":{"template":"highway","default_image_id":0,"font":"","enabled":false},"version":2}},"product_brand":[],"product_cat":[16600],"product_tag":[16639],"class_list":{"0":"post-10037","1":"product","2":"type-product","3":"status-publish","4":"has-post-thumbnail","6":"product_cat-vanities","7":"product_tag-new-2","9":"first","10":"instock","11":"shipping-taxable","12":"product-type-simple"},"yoast_head":"<!-- This site is optimized with the Yoast SEO plugin v26.7 - https:\/\/yoast.com\/wordpress\/plugins\/seo\/ -->\n<title>Elsa Vanity Grey 19 7\/8 in. - Tassili<\/title>\n<meta name=\"robots\" content=\"index, follow, max-snippet:-1, max-image-preview:large, max-video-preview:-1\" \/>\n<link rel=\"canonical\" href=\"https:\/\/tassili.ca\/en\/produit\/elsa-vanity-grey-19-7-8-in\/\" \/>\n<meta property=\"og:locale\" content=\"en_US\" \/>\n<meta property=\"og:type\" content=\"article\" \/>\n<meta property=\"og:title\" content=\"Elsa Vanity Grey 19 7\/8 in. - Tassili\" \/>\n<meta property=\"og:description\" content=\"Meuble-lavabo pr\u00e9-assembl\u00e9 en m\u00e9lamine avec lavabo en porcelaine vitrifi\u00e9e. Portes avec charni\u00e8res \u00e0 fermeture lente et poign\u00e9es fini nickel bross\u00e9. Per\u00e7age pour robinetterie de 4 po d&#8217;entraxe (c\/c). Gris. (Robinetterie vendue s\u00e9par\u00e9ment).\" \/>\n<meta property=\"og:url\" content=\"https:\/\/tassili.ca\/en\/produit\/elsa-vanity-grey-19-7-8-in\/\" \/>\n<meta property=\"og:site_name\" content=\"Tassili\" \/>\n<meta property=\"article:modified_time\" content=\"2025-08-15T12:46:30+00:00\" \/>\n<meta property=\"og:image\" content=\"https:\/\/i0.wp.com\/tassili.ca\/wp-content\/uploads\/2025\/06\/3041291_1.jpg?fit=1000%2C1000&ssl=1\" \/>\n\t<meta property=\"og:image:width\" content=\"1000\" \/>\n\t<meta property=\"og:image:height\" content=\"1000\" \/>\n\t<meta property=\"og:image:type\" content=\"image\/jpeg\" \/>\n<meta name=\"twitter:card\" content=\"summary_large_image\" \/>\n<script type=\"application\/ld+json\" class=\"yoast-schema-graph\">{\"@context\":\"https:\/\/schema.org\",\"@graph\":[{\"@type\":\"WebPage\",\"@id\":\"https:\/\/tassili.ca\/en\/produit\/elsa-vanity-grey-19-7-8-in\/\",\"url\":\"https:\/\/tassili.ca\/en\/produit\/elsa-vanity-grey-19-7-8-in\/\",\"name\":\"Elsa Vanity Grey 19 7\/8 in. - Tassili\",\"isPartOf\":{\"@id\":\"https:\/\/tassili.ca\/en\/#website\"},\"primaryImageOfPage\":{\"@id\":\"https:\/\/tassili.ca\/en\/produit\/elsa-vanity-grey-19-7-8-in\/#primaryimage\"},\"image\":{\"@id\":\"https:\/\/tassili.ca\/en\/produit\/elsa-vanity-grey-19-7-8-in\/#primaryimage\"},\"thumbnailUrl\":\"https:\/\/i0.wp.com\/tassili.ca\/wp-content\/uploads\/2025\/06\/3041291_1.jpg?fit=1000%2C1000&ssl=1\",\"datePublished\":\"2025-08-07T15:42:44+00:00\",\"dateModified\":\"2025-08-15T12:46:30+00:00\",\"breadcrumb\":{\"@id\":\"https:\/\/tassili.ca\/en\/produit\/elsa-vanity-grey-19-7-8-in\/#breadcrumb\"},\"inLanguage\":\"en-US\",\"potentialAction\":[{\"@type\":\"ReadAction\",\"target\":[\"https:\/\/tassili.ca\/en\/produit\/elsa-vanity-grey-19-7-8-in\/\"]}]},{\"@type\":\"ImageObject\",\"inLanguage\":\"en-US\",\"@id\":\"https:\/\/tassili.ca\/en\/produit\/elsa-vanity-grey-19-7-8-in\/#primaryimage\",\"url\":\"https:\/\/i0.wp.com\/tassili.ca\/wp-content\/uploads\/2025\/06\/3041291_1.jpg?fit=1000%2C1000&ssl=1\",\"contentUrl\":\"https:\/\/i0.wp.com\/tassili.ca\/wp-content\/uploads\/2025\/06\/3041291_1.jpg?fit=1000%2C1000&ssl=1\",\"width\":1000,\"height\":1000},{\"@type\":\"BreadcrumbList\",\"@id\":\"https:\/\/tassili.ca\/en\/produit\/elsa-vanity-grey-19-7-8-in\/#breadcrumb\",\"itemListElement\":[{\"@type\":\"ListItem\",\"position\":1,\"name\":\"Accueil\",\"item\":\"https:\/\/tassili.ca\/en\/\"},{\"@type\":\"ListItem\",\"position\":2,\"name\":\"Shop\",\"item\":\"https:\/\/tassili.ca\/en\/shop\/\"},{\"@type\":\"ListItem\",\"position\":3,\"name\":\"Bathroom\",\"item\":\"https:\/\/tassili.ca\/en\/product-category\/bathroom\/\"},{\"@type\":\"ListItem\",\"position\":4,\"name\":\"Vanities\",\"item\":\"https:\/\/tassili.ca\/en\/product-category\/bathroom\/vanities\/\"},{\"@type\":\"ListItem\",\"position\":5,\"name\":\"Elsa Vanity Grey 19 7\/8 in.\"}]},{\"@type\":\"WebSite\",\"@id\":\"https:\/\/tassili.ca\/en\/#website\",\"url\":\"https:\/\/tassili.ca\/en\/\",\"name\":\"Tassili\",\"description\":\"Inspirer votre quotidien\",\"potentialAction\":[{\"@type\":\"SearchAction\",\"target\":{\"@type\":\"EntryPoint\",\"urlTemplate\":\"https:\/\/tassili.ca\/en\/?s={search_term_string}\"},\"query-input\":{\"@type\":\"PropertyValueSpecification\",\"valueRequired\":true,\"valueName\":\"search_term_string\"}}],\"inLanguage\":\"en-US\"}]}<\/script>\n<!-- \/ Yoast SEO plugin. -->","yoast_head_json":{"title":"Elsa Vanity Grey 19 7\/8 in. - Tassili","robots":{"index":"index","follow":"follow","max-snippet":"max-snippet:-1","max-image-preview":"max-image-preview:large","max-video-preview":"max-video-preview:-1"},"canonical":"https:\/\/tassili.ca\/en\/produit\/elsa-vanity-grey-19-7-8-in\/","og_locale":"en_US","og_type":"article","og_title":"Elsa Vanity Grey 19 7\/8 in. - Tassili","og_description":"Meuble-lavabo pr\u00e9-assembl\u00e9 en m\u00e9lamine avec lavabo en porcelaine vitrifi\u00e9e. Portes avec charni\u00e8res \u00e0 fermeture lente et poign\u00e9es fini nickel bross\u00e9. Per\u00e7age pour robinetterie de 4 po d&#8217;entraxe (c\/c). Gris. (Robinetterie vendue s\u00e9par\u00e9ment).","og_url":"https:\/\/tassili.ca\/en\/produit\/elsa-vanity-grey-19-7-8-in\/","og_site_name":"Tassili","article_modified_time":"2025-08-15T12:46:30+00:00","og_image":[{"width":1000,"height":1000,"url":"https:\/\/i0.wp.com\/tassili.ca\/wp-content\/uploads\/2025\/06\/3041291_1.jpg?fit=1000%2C1000&ssl=1","type":"image\/jpeg"}],"twitter_card":"summary_large_image","schema":{"@context":"https:\/\/schema.org","@graph":[{"@type":"WebPage","@id":"https:\/\/tassili.ca\/en\/produit\/elsa-vanity-grey-19-7-8-in\/","url":"https:\/\/tassili.ca\/en\/produit\/elsa-vanity-grey-19-7-8-in\/","name":"Elsa Vanity Grey 19 7\/8 in. - Tassili","isPartOf":{"@id":"https:\/\/tassili.ca\/en\/#website"},"primaryImageOfPage":{"@id":"https:\/\/tassili.ca\/en\/produit\/elsa-vanity-grey-19-7-8-in\/#primaryimage"},"image":{"@id":"https:\/\/tassili.ca\/en\/produit\/elsa-vanity-grey-19-7-8-in\/#primaryimage"},"thumbnailUrl":"https:\/\/i0.wp.com\/tassili.ca\/wp-content\/uploads\/2025\/06\/3041291_1.jpg?fit=1000%2C1000&ssl=1","datePublished":"2025-08-07T15:42:44+00:00","dateModified":"2025-08-15T12:46:30+00:00","breadcrumb":{"@id":"https:\/\/tassili.ca\/en\/produit\/elsa-vanity-grey-19-7-8-in\/#breadcrumb"},"inLanguage":"en-US","potentialAction":[{"@type":"ReadAction","target":["https:\/\/tassili.ca\/en\/produit\/elsa-vanity-grey-19-7-8-in\/"]}]},{"@type":"ImageObject","inLanguage":"en-US","@id":"https:\/\/tassili.ca\/en\/produit\/elsa-vanity-grey-19-7-8-in\/#primaryimage","url":"https:\/\/i0.wp.com\/tassili.ca\/wp-content\/uploads\/2025\/06\/3041291_1.jpg?fit=1000%2C1000&ssl=1","contentUrl":"https:\/\/i0.wp.com\/tassili.ca\/wp-content\/uploads\/2025\/06\/3041291_1.jpg?fit=1000%2C1000&ssl=1","width":1000,"height":1000},{"@type":"BreadcrumbList","@id":"https:\/\/tassili.ca\/en\/produit\/elsa-vanity-grey-19-7-8-in\/#breadcrumb","itemListElement":[{"@type":"ListItem","position":1,"name":"Accueil","item":"https:\/\/tassili.ca\/en\/"},{"@type":"ListItem","position":2,"name":"Shop","item":"https:\/\/tassili.ca\/en\/shop\/"},{"@type":"ListItem","position":3,"name":"Bathroom","item":"https:\/\/tassili.ca\/en\/product-category\/bathroom\/"},{"@type":"ListItem","position":4,"name":"Vanities","item":"https:\/\/tassili.ca\/en\/product-category\/bathroom\/vanities\/"},{"@type":"ListItem","position":5,"name":"Elsa Vanity Grey 19 7\/8 in."}]},{"@type":"WebSite","@id":"https:\/\/tassili.ca\/en\/#website","url":"https:\/\/tassili.ca\/en\/","name":"Tassili","description":"Inspirer votre quotidien","potentialAction":[{"@type":"SearchAction","target":{"@type":"EntryPoint","urlTemplate":"https:\/\/tassili.ca\/en\/?s={search_term_string}"},"query-input":{"@type":"PropertyValueSpecification","valueRequired":true,"valueName":"search_term_string"}}],"inLanguage":"en-US"}]}},"jetpack_publicize_connections":[],"jetpack_likes_enabled":true,"jetpack_sharing_enabled":true,"_links":{"self":[{"href":"https:\/\/tassili.ca\/en\/wp-json\/wp\/v2\/product\/10037","targetHints":{"allow":["GET"]}}],"collection":[{"href":"https:\/\/tassili.ca\/en\/wp-json\/wp\/v2\/product"}],"about":[{"href":"https:\/\/tassili.ca\/en\/wp-json\/wp\/v2\/types\/product"}],"wp:featuredmedia":[{"embeddable":true,"href":"https:\/\/tassili.ca\/en\/wp-json\/wp\/v2\/media\/2272"}],"wp:attachment":[{"href":"https:\/\/tassili.ca\/en\/wp-json\/wp\/v2\/media?parent=10037"}],"wp:term":[{"taxonomy":"product_brand","embeddable":true,"href":"https:\/\/tassili.ca\/en\/wp-json\/wp\/v2\/product_brand?post=10037"},{"taxonomy":"product_cat","embeddable":true,"href":"https:\/\/tassili.ca\/en\/wp-json\/wp\/v2\/product_cat?post=10037"},{"taxonomy":"product_tag","embeddable":true,"href":"https:\/\/tassili.ca\/en\/wp-json\/wp\/v2\/product_tag?post=10037"}],"curies":[{"name":"wp","href":"https:\/\/api.w.org\/{rel}","templated":true}]}}