{"id":10127,"date":"2025-08-07T11:44:49","date_gmt":"2025-08-07T15:44:49","guid":{"rendered":"https:\/\/tassili.ca\/?post_type=product&#038;p=10127"},"modified":"2025-08-15T08:46:47","modified_gmt":"2025-08-15T12:46:47","slug":"erica-bathtub-shower-faucet","status":"publish","type":"product","link":"https:\/\/tassili.ca\/en\/produit\/erica-bathtub-shower-faucet\/","title":{"rendered":"\u00c9rica Bathtub\/Shower Faucet"},"content":{"rendered":"<p>Robinet de baignoire \/douche de style moderne \u00e0 pression \u00e9quilibr\u00e9e qui maintient une temp\u00e9rature d&#8217;eau constante. Contr\u00f4le de d\u00e9bit. Douche 8 po autonettoyante \u00e0 jet de pluie. Bras de douche 15 po longueur. Poign\u00e9e ronde \u00e0 levier. Bec pour la baignoire de 9 po de longueur. D\u00e9rivateur pour la douche actionn\u00e9 par bouton-poussoir. Cartouche durable en c\u00e9ramique garantie \u00e0 vie. Soupapes d&#8217;arr\u00eat int\u00e9gr\u00e9es. Fini chrome. <span><a href=\"http:\/\/www.tassili.ca\/fr\/produit.php?cat=SB40110&#038;id=3051051\" target=\"_blank\">  <\/a><\/span><span><\/span><\/p>\n","protected":false},"excerpt":{"rendered":"<p>Robinet de baignoire \/douche de style moderne \u00e0 pression \u00e9quilibr\u00e9e qui maintient une temp\u00e9rature d&#8217;eau constante. Contr\u00f4le de d\u00e9bit. Douche 8 po autonettoyante \u00e0 jet de pluie. Bras de douche 15 po longueur. Poign\u00e9e ronde \u00e0 levier. Bec pour la baignoire de 9 po de longueur. D\u00e9rivateur pour la douche actionn\u00e9 par bouton-poussoir. Cartouche durable [&hellip;]<\/p>\n","protected":false},"featured_media":2312,"template":"","meta":{"_et_pb_use_builder":"","_et_pb_old_content":"","_et_gb_content_width":"","_crdt_document":"","jetpack_post_was_ever_published":true,"jetpack_publicize_message":"","jetpack_publicize_feature_enabled":true,"jetpack_social_post_already_shared":true,"jetpack_social_options":{"image_generator_settings":{"template":"highway","default_image_id":0,"font":"","enabled":false},"version":2},"_wpas_customize_per_network":false},"product_brand":[],"product_cat":[16529],"product_tag":[16639],"class_list":{"0":"post-10127","1":"product","2":"type-product","3":"status-publish","4":"has-post-thumbnail","6":"product_cat-archives-en","7":"product_tag-new-2","9":"first","10":"outofstock","11":"shipping-taxable","12":"product-type-simple"},"yoast_head":"<!-- This site is optimized with the Yoast SEO plugin v27.3 - https:\/\/yoast.com\/product\/yoast-seo-wordpress\/ -->\n<title>\u00c9rica Bathtub\/Shower Faucet - Tassili<\/title>\n<meta name=\"robots\" content=\"index, follow, max-snippet:-1, max-image-preview:large, max-video-preview:-1\" \/>\n<link rel=\"canonical\" href=\"https:\/\/tassili.ca\/en\/produit\/erica-bathtub-shower-faucet\/\" \/>\n<meta property=\"og:locale\" content=\"en_US\" \/>\n<meta property=\"og:type\" content=\"article\" \/>\n<meta property=\"og:title\" content=\"\u00c9rica Bathtub\/Shower Faucet - Tassili\" \/>\n<meta property=\"og:description\" content=\"Robinet de baignoire \/douche de style moderne \u00e0 pression \u00e9quilibr\u00e9e qui maintient une temp\u00e9rature d&#8217;eau constante. Contr\u00f4le de d\u00e9bit. Douche 8 po autonettoyante \u00e0 jet de pluie. Bras de douche 15 po longueur. Poign\u00e9e ronde \u00e0 levier. Bec pour la baignoire de 9 po de longueur. D\u00e9rivateur pour la douche actionn\u00e9 par bouton-poussoir. Cartouche durable [&hellip;]\" \/>\n<meta property=\"og:url\" content=\"https:\/\/tassili.ca\/en\/produit\/erica-bathtub-shower-faucet\/\" \/>\n<meta property=\"og:site_name\" content=\"Tassili\" \/>\n<meta property=\"article:modified_time\" content=\"2025-08-15T12:46:47+00:00\" \/>\n<meta property=\"og:image\" content=\"https:\/\/i0.wp.com\/tassili.ca\/wp-content\/uploads\/2025\/06\/3051051_1.jpg?fit=1000%2C1000&ssl=1\" \/>\n\t<meta property=\"og:image:width\" content=\"1000\" \/>\n\t<meta property=\"og:image:height\" content=\"1000\" \/>\n\t<meta property=\"og:image:type\" content=\"image\/jpeg\" \/>\n<meta name=\"twitter:card\" content=\"summary_large_image\" \/>\n<script type=\"application\/ld+json\" class=\"yoast-schema-graph\">{\"@context\":\"https:\\\/\\\/schema.org\",\"@graph\":[{\"@type\":\"WebPage\",\"@id\":\"https:\\\/\\\/tassili.ca\\\/en\\\/produit\\\/erica-bathtub-shower-faucet\\\/\",\"url\":\"https:\\\/\\\/tassili.ca\\\/en\\\/produit\\\/erica-bathtub-shower-faucet\\\/\",\"name\":\"\u00c9rica Bathtub\\\/Shower Faucet - Tassili\",\"isPartOf\":{\"@id\":\"https:\\\/\\\/tassili.ca\\\/en\\\/#website\"},\"primaryImageOfPage\":{\"@id\":\"https:\\\/\\\/tassili.ca\\\/en\\\/produit\\\/erica-bathtub-shower-faucet\\\/#primaryimage\"},\"image\":{\"@id\":\"https:\\\/\\\/tassili.ca\\\/en\\\/produit\\\/erica-bathtub-shower-faucet\\\/#primaryimage\"},\"thumbnailUrl\":\"https:\\\/\\\/i0.wp.com\\\/tassili.ca\\\/wp-content\\\/uploads\\\/2025\\\/06\\\/3051051_1.jpg?fit=1000%2C1000&ssl=1\",\"datePublished\":\"2025-08-07T15:44:49+00:00\",\"dateModified\":\"2025-08-15T12:46:47+00:00\",\"breadcrumb\":{\"@id\":\"https:\\\/\\\/tassili.ca\\\/en\\\/produit\\\/erica-bathtub-shower-faucet\\\/#breadcrumb\"},\"inLanguage\":\"en-US\",\"potentialAction\":[{\"@type\":\"ReadAction\",\"target\":[\"https:\\\/\\\/tassili.ca\\\/en\\\/produit\\\/erica-bathtub-shower-faucet\\\/\"]}]},{\"@type\":\"ImageObject\",\"inLanguage\":\"en-US\",\"@id\":\"https:\\\/\\\/tassili.ca\\\/en\\\/produit\\\/erica-bathtub-shower-faucet\\\/#primaryimage\",\"url\":\"https:\\\/\\\/i0.wp.com\\\/tassili.ca\\\/wp-content\\\/uploads\\\/2025\\\/06\\\/3051051_1.jpg?fit=1000%2C1000&ssl=1\",\"contentUrl\":\"https:\\\/\\\/i0.wp.com\\\/tassili.ca\\\/wp-content\\\/uploads\\\/2025\\\/06\\\/3051051_1.jpg?fit=1000%2C1000&ssl=1\",\"width\":1000,\"height\":1000},{\"@type\":\"BreadcrumbList\",\"@id\":\"https:\\\/\\\/tassili.ca\\\/en\\\/produit\\\/erica-bathtub-shower-faucet\\\/#breadcrumb\",\"itemListElement\":[{\"@type\":\"ListItem\",\"position\":1,\"name\":\"Accueil\",\"item\":\"https:\\\/\\\/tassili.ca\\\/en\\\/\"},{\"@type\":\"ListItem\",\"position\":2,\"name\":\"Shop\",\"item\":\"https:\\\/\\\/tassili.ca\\\/en\\\/shop\\\/\"},{\"@type\":\"ListItem\",\"position\":3,\"name\":\"Archives\",\"item\":\"https:\\\/\\\/tassili.ca\\\/en\\\/product-category\\\/archives-en\\\/\"},{\"@type\":\"ListItem\",\"position\":4,\"name\":\"\u00c9rica Bathtub\\\/Shower Faucet\"}]},{\"@type\":\"WebSite\",\"@id\":\"https:\\\/\\\/tassili.ca\\\/en\\\/#website\",\"url\":\"https:\\\/\\\/tassili.ca\\\/en\\\/\",\"name\":\"Tassili\",\"description\":\"Inspirer votre quotidien\",\"potentialAction\":[{\"@type\":\"SearchAction\",\"target\":{\"@type\":\"EntryPoint\",\"urlTemplate\":\"https:\\\/\\\/tassili.ca\\\/en\\\/?s={search_term_string}\"},\"query-input\":{\"@type\":\"PropertyValueSpecification\",\"valueRequired\":true,\"valueName\":\"search_term_string\"}}],\"inLanguage\":\"en-US\"}]}<\/script>\n<!-- \/ Yoast SEO plugin. -->","yoast_head_json":{"title":"\u00c9rica Bathtub\/Shower Faucet - Tassili","robots":{"index":"index","follow":"follow","max-snippet":"max-snippet:-1","max-image-preview":"max-image-preview:large","max-video-preview":"max-video-preview:-1"},"canonical":"https:\/\/tassili.ca\/en\/produit\/erica-bathtub-shower-faucet\/","og_locale":"en_US","og_type":"article","og_title":"\u00c9rica Bathtub\/Shower Faucet - Tassili","og_description":"Robinet de baignoire \/douche de style moderne \u00e0 pression \u00e9quilibr\u00e9e qui maintient une temp\u00e9rature d&#8217;eau constante. Contr\u00f4le de d\u00e9bit. Douche 8 po autonettoyante \u00e0 jet de pluie. Bras de douche 15 po longueur. Poign\u00e9e ronde \u00e0 levier. Bec pour la baignoire de 9 po de longueur. D\u00e9rivateur pour la douche actionn\u00e9 par bouton-poussoir. Cartouche durable [&hellip;]","og_url":"https:\/\/tassili.ca\/en\/produit\/erica-bathtub-shower-faucet\/","og_site_name":"Tassili","article_modified_time":"2025-08-15T12:46:47+00:00","og_image":[{"width":1000,"height":1000,"url":"https:\/\/i0.wp.com\/tassili.ca\/wp-content\/uploads\/2025\/06\/3051051_1.jpg?fit=1000%2C1000&ssl=1","type":"image\/jpeg"}],"twitter_card":"summary_large_image","schema":{"@context":"https:\/\/schema.org","@graph":[{"@type":"WebPage","@id":"https:\/\/tassili.ca\/en\/produit\/erica-bathtub-shower-faucet\/","url":"https:\/\/tassili.ca\/en\/produit\/erica-bathtub-shower-faucet\/","name":"\u00c9rica Bathtub\/Shower Faucet - Tassili","isPartOf":{"@id":"https:\/\/tassili.ca\/en\/#website"},"primaryImageOfPage":{"@id":"https:\/\/tassili.ca\/en\/produit\/erica-bathtub-shower-faucet\/#primaryimage"},"image":{"@id":"https:\/\/tassili.ca\/en\/produit\/erica-bathtub-shower-faucet\/#primaryimage"},"thumbnailUrl":"https:\/\/i0.wp.com\/tassili.ca\/wp-content\/uploads\/2025\/06\/3051051_1.jpg?fit=1000%2C1000&ssl=1","datePublished":"2025-08-07T15:44:49+00:00","dateModified":"2025-08-15T12:46:47+00:00","breadcrumb":{"@id":"https:\/\/tassili.ca\/en\/produit\/erica-bathtub-shower-faucet\/#breadcrumb"},"inLanguage":"en-US","potentialAction":[{"@type":"ReadAction","target":["https:\/\/tassili.ca\/en\/produit\/erica-bathtub-shower-faucet\/"]}]},{"@type":"ImageObject","inLanguage":"en-US","@id":"https:\/\/tassili.ca\/en\/produit\/erica-bathtub-shower-faucet\/#primaryimage","url":"https:\/\/i0.wp.com\/tassili.ca\/wp-content\/uploads\/2025\/06\/3051051_1.jpg?fit=1000%2C1000&ssl=1","contentUrl":"https:\/\/i0.wp.com\/tassili.ca\/wp-content\/uploads\/2025\/06\/3051051_1.jpg?fit=1000%2C1000&ssl=1","width":1000,"height":1000},{"@type":"BreadcrumbList","@id":"https:\/\/tassili.ca\/en\/produit\/erica-bathtub-shower-faucet\/#breadcrumb","itemListElement":[{"@type":"ListItem","position":1,"name":"Accueil","item":"https:\/\/tassili.ca\/en\/"},{"@type":"ListItem","position":2,"name":"Shop","item":"https:\/\/tassili.ca\/en\/shop\/"},{"@type":"ListItem","position":3,"name":"Archives","item":"https:\/\/tassili.ca\/en\/product-category\/archives-en\/"},{"@type":"ListItem","position":4,"name":"\u00c9rica Bathtub\/Shower Faucet"}]},{"@type":"WebSite","@id":"https:\/\/tassili.ca\/en\/#website","url":"https:\/\/tassili.ca\/en\/","name":"Tassili","description":"Inspirer votre quotidien","potentialAction":[{"@type":"SearchAction","target":{"@type":"EntryPoint","urlTemplate":"https:\/\/tassili.ca\/en\/?s={search_term_string}"},"query-input":{"@type":"PropertyValueSpecification","valueRequired":true,"valueName":"search_term_string"}}],"inLanguage":"en-US"}]}},"jetpack_publicize_connections":[],"jetpack_likes_enabled":true,"jetpack_sharing_enabled":true,"_links":{"self":[{"href":"https:\/\/tassili.ca\/en\/wp-json\/wp\/v2\/product\/10127","targetHints":{"allow":["GET"]}}],"collection":[{"href":"https:\/\/tassili.ca\/en\/wp-json\/wp\/v2\/product"}],"about":[{"href":"https:\/\/tassili.ca\/en\/wp-json\/wp\/v2\/types\/product"}],"wp:featuredmedia":[{"embeddable":true,"href":"https:\/\/tassili.ca\/en\/wp-json\/wp\/v2\/media\/2312"}],"wp:attachment":[{"href":"https:\/\/tassili.ca\/en\/wp-json\/wp\/v2\/media?parent=10127"}],"wp:term":[{"taxonomy":"product_brand","embeddable":true,"href":"https:\/\/tassili.ca\/en\/wp-json\/wp\/v2\/product_brand?post=10127"},{"taxonomy":"product_cat","embeddable":true,"href":"https:\/\/tassili.ca\/en\/wp-json\/wp\/v2\/product_cat?post=10127"},{"taxonomy":"product_tag","embeddable":true,"href":"https:\/\/tassili.ca\/en\/wp-json\/wp\/v2\/product_tag?post=10127"}],"curies":[{"name":"wp","href":"https:\/\/api.w.org\/{rel}","templated":true}]}}