{"id":10163,"date":"2025-08-07T11:45:46","date_gmt":"2025-08-07T15:45:46","guid":{"rendered":"https:\/\/tassili.ca\/?post_type=product&#038;p=10163"},"modified":"2025-08-15T08:46:52","modified_gmt":"2025-08-15T12:46:52","slug":"italo-kitchen-faucet","status":"publish","type":"product","link":"https:\/\/tassili.ca\/en\/produit\/italo-kitchen-faucet\/","title":{"rendered":"Italo Kitchen Faucet"},"content":{"rendered":"<p>Robinet de cuisine avec bec \u00e0 ressort. Poign\u00e9e \u00e0 levier lat\u00e9rale. Jet de rin\u00e7age puissant. Corps en laiton massif. Installation monotrou ou avec plaque. Cartouche de c\u00e9ramique. Tuyaux de raccord flexibles inclus. Fini chrome.<\/p>\n","protected":false},"excerpt":{"rendered":"<p>Robinet de cuisine avec bec \u00e0 ressort. Poign\u00e9e \u00e0 levier lat\u00e9rale. Jet de rin\u00e7age puissant. Corps en laiton massif. Installation monotrou ou avec plaque. Cartouche de c\u00e9ramique. Tuyaux de raccord flexibles inclus. Fini chrome.<\/p>\n","protected":false},"featured_media":2325,"template":"","meta":{"_et_pb_use_builder":"","_et_pb_old_content":"","_et_gb_content_width":"","_crdt_document":"","jetpack_publicize_message":"","jetpack_publicize_feature_enabled":true,"jetpack_social_post_already_shared":true,"jetpack_social_options":{"image_generator_settings":{"template":"highway","default_image_id":0,"font":"","enabled":false},"version":2},"_wpas_customize_per_network":false},"product_brand":[],"product_cat":[16529],"product_tag":[16639],"class_list":{"0":"post-10163","1":"product","2":"type-product","3":"status-publish","4":"has-post-thumbnail","6":"product_cat-archives-en","7":"product_tag-new-2","9":"first","10":"outofstock","11":"shipping-taxable","12":"product-type-simple"},"yoast_head":"<!-- This site is optimized with the Yoast SEO plugin v27.3 - https:\/\/yoast.com\/product\/yoast-seo-wordpress\/ -->\n<title>Italo Kitchen Faucet - Tassili<\/title>\n<meta name=\"robots\" content=\"index, follow, max-snippet:-1, max-image-preview:large, max-video-preview:-1\" \/>\n<link rel=\"canonical\" href=\"https:\/\/tassili.ca\/en\/produit\/italo-kitchen-faucet\/\" \/>\n<meta property=\"og:locale\" content=\"en_US\" \/>\n<meta property=\"og:type\" content=\"article\" \/>\n<meta property=\"og:title\" content=\"Italo Kitchen Faucet - Tassili\" \/>\n<meta property=\"og:description\" content=\"Robinet de cuisine avec bec \u00e0 ressort. Poign\u00e9e \u00e0 levier lat\u00e9rale. Jet de rin\u00e7age puissant. Corps en laiton massif. Installation monotrou ou avec plaque. Cartouche de c\u00e9ramique. Tuyaux de raccord flexibles inclus. Fini chrome.\" \/>\n<meta property=\"og:url\" content=\"https:\/\/tassili.ca\/en\/produit\/italo-kitchen-faucet\/\" \/>\n<meta property=\"og:site_name\" content=\"Tassili\" \/>\n<meta property=\"article:modified_time\" content=\"2025-08-15T12:46:52+00:00\" \/>\n<meta property=\"og:image\" content=\"https:\/\/i0.wp.com\/tassili.ca\/wp-content\/uploads\/2025\/06\/3051268_1.jpg?fit=1000%2C1000&ssl=1\" \/>\n\t<meta property=\"og:image:width\" content=\"1000\" \/>\n\t<meta property=\"og:image:height\" content=\"1000\" \/>\n\t<meta property=\"og:image:type\" content=\"image\/jpeg\" \/>\n<meta name=\"twitter:card\" content=\"summary_large_image\" \/>\n<script type=\"application\/ld+json\" class=\"yoast-schema-graph\">{\"@context\":\"https:\\\/\\\/schema.org\",\"@graph\":[{\"@type\":\"WebPage\",\"@id\":\"https:\\\/\\\/tassili.ca\\\/en\\\/produit\\\/italo-kitchen-faucet\\\/\",\"url\":\"https:\\\/\\\/tassili.ca\\\/en\\\/produit\\\/italo-kitchen-faucet\\\/\",\"name\":\"Italo Kitchen Faucet - Tassili\",\"isPartOf\":{\"@id\":\"https:\\\/\\\/tassili.ca\\\/en\\\/#website\"},\"primaryImageOfPage\":{\"@id\":\"https:\\\/\\\/tassili.ca\\\/en\\\/produit\\\/italo-kitchen-faucet\\\/#primaryimage\"},\"image\":{\"@id\":\"https:\\\/\\\/tassili.ca\\\/en\\\/produit\\\/italo-kitchen-faucet\\\/#primaryimage\"},\"thumbnailUrl\":\"https:\\\/\\\/i0.wp.com\\\/tassili.ca\\\/wp-content\\\/uploads\\\/2025\\\/06\\\/3051268_1.jpg?fit=1000%2C1000&ssl=1\",\"datePublished\":\"2025-08-07T15:45:46+00:00\",\"dateModified\":\"2025-08-15T12:46:52+00:00\",\"breadcrumb\":{\"@id\":\"https:\\\/\\\/tassili.ca\\\/en\\\/produit\\\/italo-kitchen-faucet\\\/#breadcrumb\"},\"inLanguage\":\"en-US\",\"potentialAction\":[{\"@type\":\"ReadAction\",\"target\":[\"https:\\\/\\\/tassili.ca\\\/en\\\/produit\\\/italo-kitchen-faucet\\\/\"]}]},{\"@type\":\"ImageObject\",\"inLanguage\":\"en-US\",\"@id\":\"https:\\\/\\\/tassili.ca\\\/en\\\/produit\\\/italo-kitchen-faucet\\\/#primaryimage\",\"url\":\"https:\\\/\\\/i0.wp.com\\\/tassili.ca\\\/wp-content\\\/uploads\\\/2025\\\/06\\\/3051268_1.jpg?fit=1000%2C1000&ssl=1\",\"contentUrl\":\"https:\\\/\\\/i0.wp.com\\\/tassili.ca\\\/wp-content\\\/uploads\\\/2025\\\/06\\\/3051268_1.jpg?fit=1000%2C1000&ssl=1\",\"width\":1000,\"height\":1000},{\"@type\":\"BreadcrumbList\",\"@id\":\"https:\\\/\\\/tassili.ca\\\/en\\\/produit\\\/italo-kitchen-faucet\\\/#breadcrumb\",\"itemListElement\":[{\"@type\":\"ListItem\",\"position\":1,\"name\":\"Accueil\",\"item\":\"https:\\\/\\\/tassili.ca\\\/en\\\/\"},{\"@type\":\"ListItem\",\"position\":2,\"name\":\"Shop\",\"item\":\"https:\\\/\\\/tassili.ca\\\/en\\\/shop\\\/\"},{\"@type\":\"ListItem\",\"position\":3,\"name\":\"Archives\",\"item\":\"https:\\\/\\\/tassili.ca\\\/en\\\/product-category\\\/archives-en\\\/\"},{\"@type\":\"ListItem\",\"position\":4,\"name\":\"Italo Kitchen Faucet\"}]},{\"@type\":\"WebSite\",\"@id\":\"https:\\\/\\\/tassili.ca\\\/en\\\/#website\",\"url\":\"https:\\\/\\\/tassili.ca\\\/en\\\/\",\"name\":\"Tassili\",\"description\":\"Inspirer votre quotidien\",\"potentialAction\":[{\"@type\":\"SearchAction\",\"target\":{\"@type\":\"EntryPoint\",\"urlTemplate\":\"https:\\\/\\\/tassili.ca\\\/en\\\/?s={search_term_string}\"},\"query-input\":{\"@type\":\"PropertyValueSpecification\",\"valueRequired\":true,\"valueName\":\"search_term_string\"}}],\"inLanguage\":\"en-US\"}]}<\/script>\n<!-- \/ Yoast SEO plugin. -->","yoast_head_json":{"title":"Italo Kitchen Faucet - Tassili","robots":{"index":"index","follow":"follow","max-snippet":"max-snippet:-1","max-image-preview":"max-image-preview:large","max-video-preview":"max-video-preview:-1"},"canonical":"https:\/\/tassili.ca\/en\/produit\/italo-kitchen-faucet\/","og_locale":"en_US","og_type":"article","og_title":"Italo Kitchen Faucet - Tassili","og_description":"Robinet de cuisine avec bec \u00e0 ressort. Poign\u00e9e \u00e0 levier lat\u00e9rale. Jet de rin\u00e7age puissant. Corps en laiton massif. Installation monotrou ou avec plaque. Cartouche de c\u00e9ramique. Tuyaux de raccord flexibles inclus. Fini chrome.","og_url":"https:\/\/tassili.ca\/en\/produit\/italo-kitchen-faucet\/","og_site_name":"Tassili","article_modified_time":"2025-08-15T12:46:52+00:00","og_image":[{"width":1000,"height":1000,"url":"https:\/\/i0.wp.com\/tassili.ca\/wp-content\/uploads\/2025\/06\/3051268_1.jpg?fit=1000%2C1000&ssl=1","type":"image\/jpeg"}],"twitter_card":"summary_large_image","schema":{"@context":"https:\/\/schema.org","@graph":[{"@type":"WebPage","@id":"https:\/\/tassili.ca\/en\/produit\/italo-kitchen-faucet\/","url":"https:\/\/tassili.ca\/en\/produit\/italo-kitchen-faucet\/","name":"Italo Kitchen Faucet - Tassili","isPartOf":{"@id":"https:\/\/tassili.ca\/en\/#website"},"primaryImageOfPage":{"@id":"https:\/\/tassili.ca\/en\/produit\/italo-kitchen-faucet\/#primaryimage"},"image":{"@id":"https:\/\/tassili.ca\/en\/produit\/italo-kitchen-faucet\/#primaryimage"},"thumbnailUrl":"https:\/\/i0.wp.com\/tassili.ca\/wp-content\/uploads\/2025\/06\/3051268_1.jpg?fit=1000%2C1000&ssl=1","datePublished":"2025-08-07T15:45:46+00:00","dateModified":"2025-08-15T12:46:52+00:00","breadcrumb":{"@id":"https:\/\/tassili.ca\/en\/produit\/italo-kitchen-faucet\/#breadcrumb"},"inLanguage":"en-US","potentialAction":[{"@type":"ReadAction","target":["https:\/\/tassili.ca\/en\/produit\/italo-kitchen-faucet\/"]}]},{"@type":"ImageObject","inLanguage":"en-US","@id":"https:\/\/tassili.ca\/en\/produit\/italo-kitchen-faucet\/#primaryimage","url":"https:\/\/i0.wp.com\/tassili.ca\/wp-content\/uploads\/2025\/06\/3051268_1.jpg?fit=1000%2C1000&ssl=1","contentUrl":"https:\/\/i0.wp.com\/tassili.ca\/wp-content\/uploads\/2025\/06\/3051268_1.jpg?fit=1000%2C1000&ssl=1","width":1000,"height":1000},{"@type":"BreadcrumbList","@id":"https:\/\/tassili.ca\/en\/produit\/italo-kitchen-faucet\/#breadcrumb","itemListElement":[{"@type":"ListItem","position":1,"name":"Accueil","item":"https:\/\/tassili.ca\/en\/"},{"@type":"ListItem","position":2,"name":"Shop","item":"https:\/\/tassili.ca\/en\/shop\/"},{"@type":"ListItem","position":3,"name":"Archives","item":"https:\/\/tassili.ca\/en\/product-category\/archives-en\/"},{"@type":"ListItem","position":4,"name":"Italo Kitchen Faucet"}]},{"@type":"WebSite","@id":"https:\/\/tassili.ca\/en\/#website","url":"https:\/\/tassili.ca\/en\/","name":"Tassili","description":"Inspirer votre quotidien","potentialAction":[{"@type":"SearchAction","target":{"@type":"EntryPoint","urlTemplate":"https:\/\/tassili.ca\/en\/?s={search_term_string}"},"query-input":{"@type":"PropertyValueSpecification","valueRequired":true,"valueName":"search_term_string"}}],"inLanguage":"en-US"}]}},"jetpack_publicize_connections":[],"jetpack_likes_enabled":true,"jetpack_sharing_enabled":true,"_links":{"self":[{"href":"https:\/\/tassili.ca\/en\/wp-json\/wp\/v2\/product\/10163","targetHints":{"allow":["GET"]}}],"collection":[{"href":"https:\/\/tassili.ca\/en\/wp-json\/wp\/v2\/product"}],"about":[{"href":"https:\/\/tassili.ca\/en\/wp-json\/wp\/v2\/types\/product"}],"wp:featuredmedia":[{"embeddable":true,"href":"https:\/\/tassili.ca\/en\/wp-json\/wp\/v2\/media\/2325"}],"wp:attachment":[{"href":"https:\/\/tassili.ca\/en\/wp-json\/wp\/v2\/media?parent=10163"}],"wp:term":[{"taxonomy":"product_brand","embeddable":true,"href":"https:\/\/tassili.ca\/en\/wp-json\/wp\/v2\/product_brand?post=10163"},{"taxonomy":"product_cat","embeddable":true,"href":"https:\/\/tassili.ca\/en\/wp-json\/wp\/v2\/product_cat?post=10163"},{"taxonomy":"product_tag","embeddable":true,"href":"https:\/\/tassili.ca\/en\/wp-json\/wp\/v2\/product_tag?post=10163"}],"curies":[{"name":"wp","href":"https:\/\/api.w.org\/{rel}","templated":true}]}}