{"id":10881,"date":"2025-08-07T12:01:12","date_gmt":"2025-08-07T16:01:12","guid":{"rendered":"https:\/\/tassili.ca\/?post_type=product&#038;p=10881"},"modified":"2025-08-15T08:49:06","modified_gmt":"2025-08-15T12:49:06","slug":"paola-multifunction-thermostatic-shower-column-with-hand-shower-black","status":"publish","type":"product","link":"https:\/\/tassili.ca\/en\/produit\/paola-multifunction-thermostatic-shower-column-with-hand-shower-black\/","title":{"rendered":"Paola Multifunction Thermostatic Shower Column with Hand Shower Black"},"content":{"rendered":"<p>Colonne de douche multifonction : douche pluie, jets massage et douchette \u00e0 main. Alc\u00f4ve et tablette int\u00e9gr\u00e9es. Robinet thermostatique pour un meilleur contr\u00f4le de la temp\u00e9rature. Valve de contr\u00f4le ind\u00e9pendante pour chaque fonction. Facile \u00e0 installer, convient \u00e0 toutes les douches. Noir. Guide d&#8217;installation inclus.<\/p>\n<p> \u2022 Hauteur : 55 1\/8 po (140 cm)<br \/>\n \u2022 Largeur : 7 7\/8 po (20 cm)<\/p>\n","protected":false},"excerpt":{"rendered":"<p>Colonne de douche multifonction : douche pluie, jets massage et douchette \u00e0 main. Alc\u00f4ve et tablette int\u00e9gr\u00e9es. Robinet thermostatique pour un meilleur contr\u00f4le de la temp\u00e9rature. Valve de contr\u00f4le ind\u00e9pendante pour chaque fonction. Facile \u00e0 installer, convient \u00e0 toutes les douches. Noir. Guide d&#8217;installation inclus. \u2022 Hauteur : 55 1\/8 po (140 cm) \u2022 Largeur [&hellip;]<\/p>\n","protected":false},"featured_media":3199,"template":"","meta":{"_et_pb_use_builder":"","_et_pb_old_content":"","_et_gb_content_width":"","_crdt_document":"","jetpack_post_was_ever_published":true,"jetpack_publicize_message":"","jetpack_publicize_feature_enabled":true,"jetpack_social_post_already_shared":true,"jetpack_social_options":{"image_generator_settings":{"template":"highway","default_image_id":0,"font":"","enabled":false},"version":2},"_wpas_customize_per_network":false},"product_brand":[],"product_cat":[16529],"product_tag":[16639],"class_list":{"0":"post-10881","1":"product","2":"type-product","3":"status-publish","4":"has-post-thumbnail","6":"product_cat-archives-en","7":"product_tag-new-2","9":"first","10":"outofstock","11":"shipping-taxable","12":"product-type-simple"},"yoast_head":"<!-- This site is optimized with the Yoast SEO plugin v27.3 - https:\/\/yoast.com\/product\/yoast-seo-wordpress\/ -->\n<title>Paola Multifunction Thermostatic Shower Column with Hand Shower Black - Tassili<\/title>\n<meta name=\"robots\" content=\"index, follow, max-snippet:-1, max-image-preview:large, max-video-preview:-1\" \/>\n<link rel=\"canonical\" href=\"https:\/\/tassili.ca\/en\/produit\/paola-multifunction-thermostatic-shower-column-with-hand-shower-black\/\" \/>\n<meta property=\"og:locale\" content=\"en_US\" \/>\n<meta property=\"og:type\" content=\"article\" \/>\n<meta property=\"og:title\" content=\"Paola Multifunction Thermostatic Shower Column with Hand Shower Black - Tassili\" \/>\n<meta property=\"og:description\" content=\"Colonne de douche multifonction : douche pluie, jets massage et douchette \u00e0 main. Alc\u00f4ve et tablette int\u00e9gr\u00e9es. Robinet thermostatique pour un meilleur contr\u00f4le de la temp\u00e9rature. Valve de contr\u00f4le ind\u00e9pendante pour chaque fonction. Facile \u00e0 installer, convient \u00e0 toutes les douches. Noir. Guide d&#8217;installation inclus. \u2022 Hauteur : 55 1\/8 po (140 cm) \u2022 Largeur [&hellip;]\" \/>\n<meta property=\"og:url\" content=\"https:\/\/tassili.ca\/en\/produit\/paola-multifunction-thermostatic-shower-column-with-hand-shower-black\/\" \/>\n<meta property=\"og:site_name\" content=\"Tassili\" \/>\n<meta property=\"article:modified_time\" content=\"2025-08-15T12:49:06+00:00\" \/>\n<meta property=\"og:image\" content=\"https:\/\/i0.wp.com\/tassili.ca\/wp-content\/uploads\/2025\/06\/33002920_1.jpg?fit=1000%2C1000&ssl=1\" \/>\n\t<meta property=\"og:image:width\" content=\"1000\" \/>\n\t<meta property=\"og:image:height\" content=\"1000\" \/>\n\t<meta property=\"og:image:type\" content=\"image\/jpeg\" \/>\n<meta name=\"twitter:card\" content=\"summary_large_image\" \/>\n<script type=\"application\/ld+json\" class=\"yoast-schema-graph\">{\"@context\":\"https:\\\/\\\/schema.org\",\"@graph\":[{\"@type\":\"WebPage\",\"@id\":\"https:\\\/\\\/tassili.ca\\\/en\\\/produit\\\/paola-multifunction-thermostatic-shower-column-with-hand-shower-black\\\/\",\"url\":\"https:\\\/\\\/tassili.ca\\\/en\\\/produit\\\/paola-multifunction-thermostatic-shower-column-with-hand-shower-black\\\/\",\"name\":\"Paola Multifunction Thermostatic Shower Column with Hand Shower Black - Tassili\",\"isPartOf\":{\"@id\":\"https:\\\/\\\/tassili.ca\\\/en\\\/#website\"},\"primaryImageOfPage\":{\"@id\":\"https:\\\/\\\/tassili.ca\\\/en\\\/produit\\\/paola-multifunction-thermostatic-shower-column-with-hand-shower-black\\\/#primaryimage\"},\"image\":{\"@id\":\"https:\\\/\\\/tassili.ca\\\/en\\\/produit\\\/paola-multifunction-thermostatic-shower-column-with-hand-shower-black\\\/#primaryimage\"},\"thumbnailUrl\":\"https:\\\/\\\/i0.wp.com\\\/tassili.ca\\\/wp-content\\\/uploads\\\/2025\\\/06\\\/33002920_1.jpg?fit=1000%2C1000&ssl=1\",\"datePublished\":\"2025-08-07T16:01:12+00:00\",\"dateModified\":\"2025-08-15T12:49:06+00:00\",\"breadcrumb\":{\"@id\":\"https:\\\/\\\/tassili.ca\\\/en\\\/produit\\\/paola-multifunction-thermostatic-shower-column-with-hand-shower-black\\\/#breadcrumb\"},\"inLanguage\":\"en-US\",\"potentialAction\":[{\"@type\":\"ReadAction\",\"target\":[\"https:\\\/\\\/tassili.ca\\\/en\\\/produit\\\/paola-multifunction-thermostatic-shower-column-with-hand-shower-black\\\/\"]}]},{\"@type\":\"ImageObject\",\"inLanguage\":\"en-US\",\"@id\":\"https:\\\/\\\/tassili.ca\\\/en\\\/produit\\\/paola-multifunction-thermostatic-shower-column-with-hand-shower-black\\\/#primaryimage\",\"url\":\"https:\\\/\\\/i0.wp.com\\\/tassili.ca\\\/wp-content\\\/uploads\\\/2025\\\/06\\\/33002920_1.jpg?fit=1000%2C1000&ssl=1\",\"contentUrl\":\"https:\\\/\\\/i0.wp.com\\\/tassili.ca\\\/wp-content\\\/uploads\\\/2025\\\/06\\\/33002920_1.jpg?fit=1000%2C1000&ssl=1\",\"width\":1000,\"height\":1000},{\"@type\":\"BreadcrumbList\",\"@id\":\"https:\\\/\\\/tassili.ca\\\/en\\\/produit\\\/paola-multifunction-thermostatic-shower-column-with-hand-shower-black\\\/#breadcrumb\",\"itemListElement\":[{\"@type\":\"ListItem\",\"position\":1,\"name\":\"Accueil\",\"item\":\"https:\\\/\\\/tassili.ca\\\/en\\\/\"},{\"@type\":\"ListItem\",\"position\":2,\"name\":\"Shop\",\"item\":\"https:\\\/\\\/tassili.ca\\\/en\\\/shop\\\/\"},{\"@type\":\"ListItem\",\"position\":3,\"name\":\"Bathroom\",\"item\":\"https:\\\/\\\/tassili.ca\\\/en\\\/product-category\\\/bathroom\\\/\"},{\"@type\":\"ListItem\",\"position\":4,\"name\":\"Faucets\",\"item\":\"https:\\\/\\\/tassili.ca\\\/en\\\/product-category\\\/bathroom\\\/bathroom-faucets\\\/\"},{\"@type\":\"ListItem\",\"position\":5,\"name\":\"Paola Multifunction Thermostatic Shower Column with Hand Shower Black\"}]},{\"@type\":\"WebSite\",\"@id\":\"https:\\\/\\\/tassili.ca\\\/en\\\/#website\",\"url\":\"https:\\\/\\\/tassili.ca\\\/en\\\/\",\"name\":\"Tassili\",\"description\":\"Inspirer votre quotidien\",\"potentialAction\":[{\"@type\":\"SearchAction\",\"target\":{\"@type\":\"EntryPoint\",\"urlTemplate\":\"https:\\\/\\\/tassili.ca\\\/en\\\/?s={search_term_string}\"},\"query-input\":{\"@type\":\"PropertyValueSpecification\",\"valueRequired\":true,\"valueName\":\"search_term_string\"}}],\"inLanguage\":\"en-US\"}]}<\/script>\n<!-- \/ Yoast SEO plugin. -->","yoast_head_json":{"title":"Paola Multifunction Thermostatic Shower Column with Hand Shower Black - Tassili","robots":{"index":"index","follow":"follow","max-snippet":"max-snippet:-1","max-image-preview":"max-image-preview:large","max-video-preview":"max-video-preview:-1"},"canonical":"https:\/\/tassili.ca\/en\/produit\/paola-multifunction-thermostatic-shower-column-with-hand-shower-black\/","og_locale":"en_US","og_type":"article","og_title":"Paola Multifunction Thermostatic Shower Column with Hand Shower Black - Tassili","og_description":"Colonne de douche multifonction : douche pluie, jets massage et douchette \u00e0 main. Alc\u00f4ve et tablette int\u00e9gr\u00e9es. Robinet thermostatique pour un meilleur contr\u00f4le de la temp\u00e9rature. Valve de contr\u00f4le ind\u00e9pendante pour chaque fonction. Facile \u00e0 installer, convient \u00e0 toutes les douches. Noir. Guide d&#8217;installation inclus. \u2022 Hauteur : 55 1\/8 po (140 cm) \u2022 Largeur [&hellip;]","og_url":"https:\/\/tassili.ca\/en\/produit\/paola-multifunction-thermostatic-shower-column-with-hand-shower-black\/","og_site_name":"Tassili","article_modified_time":"2025-08-15T12:49:06+00:00","og_image":[{"width":1000,"height":1000,"url":"https:\/\/i0.wp.com\/tassili.ca\/wp-content\/uploads\/2025\/06\/33002920_1.jpg?fit=1000%2C1000&ssl=1","type":"image\/jpeg"}],"twitter_card":"summary_large_image","schema":{"@context":"https:\/\/schema.org","@graph":[{"@type":"WebPage","@id":"https:\/\/tassili.ca\/en\/produit\/paola-multifunction-thermostatic-shower-column-with-hand-shower-black\/","url":"https:\/\/tassili.ca\/en\/produit\/paola-multifunction-thermostatic-shower-column-with-hand-shower-black\/","name":"Paola Multifunction Thermostatic Shower Column with Hand Shower Black - Tassili","isPartOf":{"@id":"https:\/\/tassili.ca\/en\/#website"},"primaryImageOfPage":{"@id":"https:\/\/tassili.ca\/en\/produit\/paola-multifunction-thermostatic-shower-column-with-hand-shower-black\/#primaryimage"},"image":{"@id":"https:\/\/tassili.ca\/en\/produit\/paola-multifunction-thermostatic-shower-column-with-hand-shower-black\/#primaryimage"},"thumbnailUrl":"https:\/\/i0.wp.com\/tassili.ca\/wp-content\/uploads\/2025\/06\/33002920_1.jpg?fit=1000%2C1000&ssl=1","datePublished":"2025-08-07T16:01:12+00:00","dateModified":"2025-08-15T12:49:06+00:00","breadcrumb":{"@id":"https:\/\/tassili.ca\/en\/produit\/paola-multifunction-thermostatic-shower-column-with-hand-shower-black\/#breadcrumb"},"inLanguage":"en-US","potentialAction":[{"@type":"ReadAction","target":["https:\/\/tassili.ca\/en\/produit\/paola-multifunction-thermostatic-shower-column-with-hand-shower-black\/"]}]},{"@type":"ImageObject","inLanguage":"en-US","@id":"https:\/\/tassili.ca\/en\/produit\/paola-multifunction-thermostatic-shower-column-with-hand-shower-black\/#primaryimage","url":"https:\/\/i0.wp.com\/tassili.ca\/wp-content\/uploads\/2025\/06\/33002920_1.jpg?fit=1000%2C1000&ssl=1","contentUrl":"https:\/\/i0.wp.com\/tassili.ca\/wp-content\/uploads\/2025\/06\/33002920_1.jpg?fit=1000%2C1000&ssl=1","width":1000,"height":1000},{"@type":"BreadcrumbList","@id":"https:\/\/tassili.ca\/en\/produit\/paola-multifunction-thermostatic-shower-column-with-hand-shower-black\/#breadcrumb","itemListElement":[{"@type":"ListItem","position":1,"name":"Accueil","item":"https:\/\/tassili.ca\/en\/"},{"@type":"ListItem","position":2,"name":"Shop","item":"https:\/\/tassili.ca\/en\/shop\/"},{"@type":"ListItem","position":3,"name":"Bathroom","item":"https:\/\/tassili.ca\/en\/product-category\/bathroom\/"},{"@type":"ListItem","position":4,"name":"Faucets","item":"https:\/\/tassili.ca\/en\/product-category\/bathroom\/bathroom-faucets\/"},{"@type":"ListItem","position":5,"name":"Paola Multifunction Thermostatic Shower Column with Hand Shower Black"}]},{"@type":"WebSite","@id":"https:\/\/tassili.ca\/en\/#website","url":"https:\/\/tassili.ca\/en\/","name":"Tassili","description":"Inspirer votre quotidien","potentialAction":[{"@type":"SearchAction","target":{"@type":"EntryPoint","urlTemplate":"https:\/\/tassili.ca\/en\/?s={search_term_string}"},"query-input":{"@type":"PropertyValueSpecification","valueRequired":true,"valueName":"search_term_string"}}],"inLanguage":"en-US"}]}},"jetpack_publicize_connections":[],"jetpack_likes_enabled":true,"jetpack_sharing_enabled":true,"_links":{"self":[{"href":"https:\/\/tassili.ca\/en\/wp-json\/wp\/v2\/product\/10881","targetHints":{"allow":["GET"]}}],"collection":[{"href":"https:\/\/tassili.ca\/en\/wp-json\/wp\/v2\/product"}],"about":[{"href":"https:\/\/tassili.ca\/en\/wp-json\/wp\/v2\/types\/product"}],"wp:featuredmedia":[{"embeddable":true,"href":"https:\/\/tassili.ca\/en\/wp-json\/wp\/v2\/media\/3199"}],"wp:attachment":[{"href":"https:\/\/tassili.ca\/en\/wp-json\/wp\/v2\/media?parent=10881"}],"wp:term":[{"taxonomy":"product_brand","embeddable":true,"href":"https:\/\/tassili.ca\/en\/wp-json\/wp\/v2\/product_brand?post=10881"},{"taxonomy":"product_cat","embeddable":true,"href":"https:\/\/tassili.ca\/en\/wp-json\/wp\/v2\/product_cat?post=10881"},{"taxonomy":"product_tag","embeddable":true,"href":"https:\/\/tassili.ca\/en\/wp-json\/wp\/v2\/product_tag?post=10881"}],"curies":[{"name":"wp","href":"https:\/\/api.w.org\/{rel}","templated":true}]}}