{"id":11135,"date":"2025-08-07T12:06:21","date_gmt":"2025-08-07T16:06:21","guid":{"rendered":"https:\/\/tassili.ca\/?post_type=product&#038;p=11135"},"modified":"2025-08-15T08:49:51","modified_gmt":"2025-08-15T12:49:51","slug":"lavo-1-handle-shower-faucet-with-shower-chrome","status":"publish","type":"product","link":"https:\/\/tassili.ca\/en\/produit\/lavo-1-handle-shower-faucet-with-shower-chrome\/","title":{"rendered":"Lavo 1-Handle Shower Faucet with Shower Chrome"},"content":{"rendered":"<p>Robinet de douche 2 fonctions, douche pluie et douchette \u00e0 main. Contr\u00f4les ind\u00e9pendants, pression \u00e9quilibr\u00e9e et buses anticalcaires. Cartouche de c\u00e9ramique garantie \u00e0 vie. Corps en laiton massif. Tuyau flexible en acier inoxydable de 59 po. Fini chrome.<\/p>\n","protected":false},"excerpt":{"rendered":"<p>Robinet de douche 2 fonctions, douche pluie et douchette \u00e0 main. Contr\u00f4les ind\u00e9pendants, pression \u00e9quilibr\u00e9e et buses anticalcaires. Cartouche de c\u00e9ramique garantie \u00e0 vie. Corps en laiton massif. Tuyau flexible en acier inoxydable de 59 po. Fini chrome.<\/p>\n","protected":false},"featured_media":1988,"template":"","meta":{"_et_pb_use_builder":"","_et_pb_old_content":"","_et_gb_content_width":"","_crdt_document":"","jetpack_post_was_ever_published":true,"jetpack_publicize_message":"","jetpack_publicize_feature_enabled":true,"jetpack_social_post_already_shared":true,"jetpack_social_options":{"image_generator_settings":{"template":"highway","default_image_id":0,"font":"","enabled":false},"version":2},"_wpas_customize_per_network":false},"product_brand":[],"product_cat":[16546],"product_tag":[16639],"class_list":{"0":"post-11135","1":"product","2":"type-product","3":"status-publish","4":"has-post-thumbnail","6":"product_cat-bathroom-faucets","7":"product_tag-new-2","9":"first","10":"instock","11":"shipping-taxable","12":"product-type-simple"},"yoast_head":"<!-- This site is optimized with the Yoast SEO plugin v27.3 - https:\/\/yoast.com\/product\/yoast-seo-wordpress\/ -->\n<title>Lavo 1-Handle Shower Faucet with Shower Chrome - Tassili<\/title>\n<meta name=\"robots\" content=\"index, follow, max-snippet:-1, max-image-preview:large, max-video-preview:-1\" \/>\n<link rel=\"canonical\" href=\"https:\/\/tassili.ca\/en\/produit\/lavo-1-handle-shower-faucet-with-shower-chrome\/\" \/>\n<meta property=\"og:locale\" content=\"en_US\" \/>\n<meta property=\"og:type\" content=\"article\" \/>\n<meta property=\"og:title\" content=\"Lavo 1-Handle Shower Faucet with Shower Chrome - Tassili\" \/>\n<meta property=\"og:description\" content=\"Robinet de douche 2 fonctions, douche pluie et douchette \u00e0 main. Contr\u00f4les ind\u00e9pendants, pression \u00e9quilibr\u00e9e et buses anticalcaires. Cartouche de c\u00e9ramique garantie \u00e0 vie. Corps en laiton massif. Tuyau flexible en acier inoxydable de 59 po. Fini chrome.\" \/>\n<meta property=\"og:url\" content=\"https:\/\/tassili.ca\/en\/produit\/lavo-1-handle-shower-faucet-with-shower-chrome\/\" \/>\n<meta property=\"og:site_name\" content=\"Tassili\" \/>\n<meta property=\"article:modified_time\" content=\"2025-08-15T12:49:51+00:00\" \/>\n<meta property=\"og:image\" content=\"https:\/\/i0.wp.com\/tassili.ca\/wp-content\/uploads\/2025\/06\/33003436_1.jpg?fit=1000%2C1000&ssl=1\" \/>\n\t<meta property=\"og:image:width\" content=\"1000\" \/>\n\t<meta property=\"og:image:height\" content=\"1000\" \/>\n\t<meta property=\"og:image:type\" content=\"image\/jpeg\" \/>\n<meta name=\"twitter:card\" content=\"summary_large_image\" \/>\n<meta name=\"twitter:label1\" content=\"Est. reading time\" \/>\n\t<meta name=\"twitter:data1\" content=\"1 minute\" \/>\n<script type=\"application\/ld+json\" class=\"yoast-schema-graph\">{\"@context\":\"https:\\\/\\\/schema.org\",\"@graph\":[{\"@type\":\"WebPage\",\"@id\":\"https:\\\/\\\/tassili.ca\\\/en\\\/produit\\\/lavo-1-handle-shower-faucet-with-shower-chrome\\\/\",\"url\":\"https:\\\/\\\/tassili.ca\\\/en\\\/produit\\\/lavo-1-handle-shower-faucet-with-shower-chrome\\\/\",\"name\":\"Lavo 1-Handle Shower Faucet with Shower Chrome - Tassili\",\"isPartOf\":{\"@id\":\"https:\\\/\\\/tassili.ca\\\/en\\\/#website\"},\"primaryImageOfPage\":{\"@id\":\"https:\\\/\\\/tassili.ca\\\/en\\\/produit\\\/lavo-1-handle-shower-faucet-with-shower-chrome\\\/#primaryimage\"},\"image\":{\"@id\":\"https:\\\/\\\/tassili.ca\\\/en\\\/produit\\\/lavo-1-handle-shower-faucet-with-shower-chrome\\\/#primaryimage\"},\"thumbnailUrl\":\"https:\\\/\\\/i0.wp.com\\\/tassili.ca\\\/wp-content\\\/uploads\\\/2025\\\/06\\\/33003436_1.jpg?fit=1000%2C1000&ssl=1\",\"datePublished\":\"2025-08-07T16:06:21+00:00\",\"dateModified\":\"2025-08-15T12:49:51+00:00\",\"breadcrumb\":{\"@id\":\"https:\\\/\\\/tassili.ca\\\/en\\\/produit\\\/lavo-1-handle-shower-faucet-with-shower-chrome\\\/#breadcrumb\"},\"inLanguage\":\"en-US\",\"potentialAction\":[{\"@type\":\"ReadAction\",\"target\":[\"https:\\\/\\\/tassili.ca\\\/en\\\/produit\\\/lavo-1-handle-shower-faucet-with-shower-chrome\\\/\"]}]},{\"@type\":\"ImageObject\",\"inLanguage\":\"en-US\",\"@id\":\"https:\\\/\\\/tassili.ca\\\/en\\\/produit\\\/lavo-1-handle-shower-faucet-with-shower-chrome\\\/#primaryimage\",\"url\":\"https:\\\/\\\/i0.wp.com\\\/tassili.ca\\\/wp-content\\\/uploads\\\/2025\\\/06\\\/33003436_1.jpg?fit=1000%2C1000&ssl=1\",\"contentUrl\":\"https:\\\/\\\/i0.wp.com\\\/tassili.ca\\\/wp-content\\\/uploads\\\/2025\\\/06\\\/33003436_1.jpg?fit=1000%2C1000&ssl=1\",\"width\":1000,\"height\":1000},{\"@type\":\"BreadcrumbList\",\"@id\":\"https:\\\/\\\/tassili.ca\\\/en\\\/produit\\\/lavo-1-handle-shower-faucet-with-shower-chrome\\\/#breadcrumb\",\"itemListElement\":[{\"@type\":\"ListItem\",\"position\":1,\"name\":\"Accueil\",\"item\":\"https:\\\/\\\/tassili.ca\\\/en\\\/\"},{\"@type\":\"ListItem\",\"position\":2,\"name\":\"Shop\",\"item\":\"https:\\\/\\\/tassili.ca\\\/en\\\/shop\\\/\"},{\"@type\":\"ListItem\",\"position\":3,\"name\":\"Bathroom\",\"item\":\"https:\\\/\\\/tassili.ca\\\/en\\\/product-category\\\/bathroom\\\/\"},{\"@type\":\"ListItem\",\"position\":4,\"name\":\"Faucets\",\"item\":\"https:\\\/\\\/tassili.ca\\\/en\\\/product-category\\\/bathroom\\\/bathroom-faucets\\\/\"},{\"@type\":\"ListItem\",\"position\":5,\"name\":\"Lavo 1-Handle Shower Faucet with Shower Chrome\"}]},{\"@type\":\"WebSite\",\"@id\":\"https:\\\/\\\/tassili.ca\\\/en\\\/#website\",\"url\":\"https:\\\/\\\/tassili.ca\\\/en\\\/\",\"name\":\"Tassili\",\"description\":\"Inspirer votre quotidien\",\"potentialAction\":[{\"@type\":\"SearchAction\",\"target\":{\"@type\":\"EntryPoint\",\"urlTemplate\":\"https:\\\/\\\/tassili.ca\\\/en\\\/?s={search_term_string}\"},\"query-input\":{\"@type\":\"PropertyValueSpecification\",\"valueRequired\":true,\"valueName\":\"search_term_string\"}}],\"inLanguage\":\"en-US\"}]}<\/script>\n<!-- \/ Yoast SEO plugin. -->","yoast_head_json":{"title":"Lavo 1-Handle Shower Faucet with Shower Chrome - Tassili","robots":{"index":"index","follow":"follow","max-snippet":"max-snippet:-1","max-image-preview":"max-image-preview:large","max-video-preview":"max-video-preview:-1"},"canonical":"https:\/\/tassili.ca\/en\/produit\/lavo-1-handle-shower-faucet-with-shower-chrome\/","og_locale":"en_US","og_type":"article","og_title":"Lavo 1-Handle Shower Faucet with Shower Chrome - Tassili","og_description":"Robinet de douche 2 fonctions, douche pluie et douchette \u00e0 main. Contr\u00f4les ind\u00e9pendants, pression \u00e9quilibr\u00e9e et buses anticalcaires. Cartouche de c\u00e9ramique garantie \u00e0 vie. Corps en laiton massif. Tuyau flexible en acier inoxydable de 59 po. Fini chrome.","og_url":"https:\/\/tassili.ca\/en\/produit\/lavo-1-handle-shower-faucet-with-shower-chrome\/","og_site_name":"Tassili","article_modified_time":"2025-08-15T12:49:51+00:00","og_image":[{"width":1000,"height":1000,"url":"https:\/\/i0.wp.com\/tassili.ca\/wp-content\/uploads\/2025\/06\/33003436_1.jpg?fit=1000%2C1000&ssl=1","type":"image\/jpeg"}],"twitter_card":"summary_large_image","twitter_misc":{"Est. reading time":"1 minute"},"schema":{"@context":"https:\/\/schema.org","@graph":[{"@type":"WebPage","@id":"https:\/\/tassili.ca\/en\/produit\/lavo-1-handle-shower-faucet-with-shower-chrome\/","url":"https:\/\/tassili.ca\/en\/produit\/lavo-1-handle-shower-faucet-with-shower-chrome\/","name":"Lavo 1-Handle Shower Faucet with Shower Chrome - Tassili","isPartOf":{"@id":"https:\/\/tassili.ca\/en\/#website"},"primaryImageOfPage":{"@id":"https:\/\/tassili.ca\/en\/produit\/lavo-1-handle-shower-faucet-with-shower-chrome\/#primaryimage"},"image":{"@id":"https:\/\/tassili.ca\/en\/produit\/lavo-1-handle-shower-faucet-with-shower-chrome\/#primaryimage"},"thumbnailUrl":"https:\/\/i0.wp.com\/tassili.ca\/wp-content\/uploads\/2025\/06\/33003436_1.jpg?fit=1000%2C1000&ssl=1","datePublished":"2025-08-07T16:06:21+00:00","dateModified":"2025-08-15T12:49:51+00:00","breadcrumb":{"@id":"https:\/\/tassili.ca\/en\/produit\/lavo-1-handle-shower-faucet-with-shower-chrome\/#breadcrumb"},"inLanguage":"en-US","potentialAction":[{"@type":"ReadAction","target":["https:\/\/tassili.ca\/en\/produit\/lavo-1-handle-shower-faucet-with-shower-chrome\/"]}]},{"@type":"ImageObject","inLanguage":"en-US","@id":"https:\/\/tassili.ca\/en\/produit\/lavo-1-handle-shower-faucet-with-shower-chrome\/#primaryimage","url":"https:\/\/i0.wp.com\/tassili.ca\/wp-content\/uploads\/2025\/06\/33003436_1.jpg?fit=1000%2C1000&ssl=1","contentUrl":"https:\/\/i0.wp.com\/tassili.ca\/wp-content\/uploads\/2025\/06\/33003436_1.jpg?fit=1000%2C1000&ssl=1","width":1000,"height":1000},{"@type":"BreadcrumbList","@id":"https:\/\/tassili.ca\/en\/produit\/lavo-1-handle-shower-faucet-with-shower-chrome\/#breadcrumb","itemListElement":[{"@type":"ListItem","position":1,"name":"Accueil","item":"https:\/\/tassili.ca\/en\/"},{"@type":"ListItem","position":2,"name":"Shop","item":"https:\/\/tassili.ca\/en\/shop\/"},{"@type":"ListItem","position":3,"name":"Bathroom","item":"https:\/\/tassili.ca\/en\/product-category\/bathroom\/"},{"@type":"ListItem","position":4,"name":"Faucets","item":"https:\/\/tassili.ca\/en\/product-category\/bathroom\/bathroom-faucets\/"},{"@type":"ListItem","position":5,"name":"Lavo 1-Handle Shower Faucet with Shower Chrome"}]},{"@type":"WebSite","@id":"https:\/\/tassili.ca\/en\/#website","url":"https:\/\/tassili.ca\/en\/","name":"Tassili","description":"Inspirer votre quotidien","potentialAction":[{"@type":"SearchAction","target":{"@type":"EntryPoint","urlTemplate":"https:\/\/tassili.ca\/en\/?s={search_term_string}"},"query-input":{"@type":"PropertyValueSpecification","valueRequired":true,"valueName":"search_term_string"}}],"inLanguage":"en-US"}]}},"jetpack_publicize_connections":[],"jetpack_likes_enabled":true,"jetpack_sharing_enabled":true,"_links":{"self":[{"href":"https:\/\/tassili.ca\/en\/wp-json\/wp\/v2\/product\/11135","targetHints":{"allow":["GET"]}}],"collection":[{"href":"https:\/\/tassili.ca\/en\/wp-json\/wp\/v2\/product"}],"about":[{"href":"https:\/\/tassili.ca\/en\/wp-json\/wp\/v2\/types\/product"}],"wp:featuredmedia":[{"embeddable":true,"href":"https:\/\/tassili.ca\/en\/wp-json\/wp\/v2\/media\/1988"}],"wp:attachment":[{"href":"https:\/\/tassili.ca\/en\/wp-json\/wp\/v2\/media?parent=11135"}],"wp:term":[{"taxonomy":"product_brand","embeddable":true,"href":"https:\/\/tassili.ca\/en\/wp-json\/wp\/v2\/product_brand?post=11135"},{"taxonomy":"product_cat","embeddable":true,"href":"https:\/\/tassili.ca\/en\/wp-json\/wp\/v2\/product_cat?post=11135"},{"taxonomy":"product_tag","embeddable":true,"href":"https:\/\/tassili.ca\/en\/wp-json\/wp\/v2\/product_tag?post=11135"}],"curies":[{"name":"wp","href":"https:\/\/api.w.org\/{rel}","templated":true}]}}