{"id":11291,"date":"2025-08-07T12:09:31","date_gmt":"2025-08-07T16:09:31","guid":{"rendered":"https:\/\/tassili.ca\/?post_type=product&#038;p=11291"},"modified":"2025-08-15T08:50:15","modified_gmt":"2025-08-15T12:50:15","slug":"celtique-round-shower-34-in-frosted-glass","status":"publish","type":"product","link":"https:\/\/tassili.ca\/en\/produit\/celtique-round-shower-34-in-frosted-glass\/","title":{"rendered":"Celtique Round Shower 34 in. (Frosted Glass)"},"content":{"rendered":"<p>Douche de coin ronde avec murs et base en acrylique. Portes coulissantes doubles en verre tremp\u00e9 givr\u00e9 6 mm avec contour et poign\u00e9es chrome. Mur 2 pi\u00e8ces avec tablettes int\u00e9gr\u00e9es. <\/p>\n<p> La base et les murs des douches Celtique ne contiennent pas de C.O.V. C&#8217;est donc une solution beaucoup plus respectueuse de l\u2019environnement et s\u00e9curitaire pour la sant\u00e9, gr\u00e2ce \u00e0 un proc\u00e9d\u00e9 de fabrication consid\u00e9rablement moins polluant et qui ne produit aucune \u00e9manation de compos\u00e9s organiques volatils (COV) dangereux. <\/p>\n<p> (Robinetterie et accessoires vendus s\u00e9par\u00e9ment)<\/p>\n","protected":false},"excerpt":{"rendered":"<p>Douche de coin ronde avec murs et base en acrylique. Portes coulissantes doubles en verre tremp\u00e9 givr\u00e9 6 mm avec contour et poign\u00e9es chrome. Mur 2 pi\u00e8ces avec tablettes int\u00e9gr\u00e9es. La base et les murs des douches Celtique ne contiennent pas de C.O.V. C&#8217;est donc une solution beaucoup plus respectueuse de l\u2019environnement et s\u00e9curitaire pour [&hellip;]<\/p>\n","protected":false},"featured_media":1566,"template":"","meta":{"_et_pb_use_builder":"","_et_pb_old_content":"","_et_gb_content_width":"","_crdt_document":"","jetpack_post_was_ever_published":true,"jetpack_publicize_message":"","jetpack_publicize_feature_enabled":true,"jetpack_social_post_already_shared":true,"jetpack_social_options":{"image_generator_settings":{"template":"highway","default_image_id":0,"font":"","enabled":false},"version":2},"_wpas_customize_per_network":false},"product_brand":[],"product_cat":[16529],"product_tag":[16639],"class_list":{"0":"post-11291","1":"product","2":"type-product","3":"status-publish","4":"has-post-thumbnail","6":"product_cat-archives-en","7":"product_tag-new-2","9":"first","10":"instock","11":"shipping-taxable","12":"product-type-simple"},"yoast_head":"<!-- This site is optimized with the Yoast SEO plugin v27.3 - https:\/\/yoast.com\/product\/yoast-seo-wordpress\/ -->\n<title>Celtique Round Shower 34 in. (Frosted Glass) - Tassili<\/title>\n<meta name=\"robots\" content=\"index, follow, max-snippet:-1, max-image-preview:large, max-video-preview:-1\" \/>\n<link rel=\"canonical\" href=\"https:\/\/tassili.ca\/en\/produit\/celtique-round-shower-34-in-frosted-glass\/\" \/>\n<meta property=\"og:locale\" content=\"en_US\" \/>\n<meta property=\"og:type\" content=\"article\" \/>\n<meta property=\"og:title\" content=\"Celtique Round Shower 34 in. (Frosted Glass) - Tassili\" \/>\n<meta property=\"og:description\" content=\"Douche de coin ronde avec murs et base en acrylique. Portes coulissantes doubles en verre tremp\u00e9 givr\u00e9 6 mm avec contour et poign\u00e9es chrome. Mur 2 pi\u00e8ces avec tablettes int\u00e9gr\u00e9es. La base et les murs des douches Celtique ne contiennent pas de C.O.V. C&#8217;est donc une solution beaucoup plus respectueuse de l\u2019environnement et s\u00e9curitaire pour [&hellip;]\" \/>\n<meta property=\"og:url\" content=\"https:\/\/tassili.ca\/en\/produit\/celtique-round-shower-34-in-frosted-glass\/\" \/>\n<meta property=\"og:site_name\" content=\"Tassili\" \/>\n<meta property=\"article:modified_time\" content=\"2025-08-15T12:50:15+00:00\" \/>\n<meta property=\"og:image\" content=\"https:\/\/i0.wp.com\/tassili.ca\/wp-content\/uploads\/2025\/06\/KD3201_1.jpg?fit=1000%2C1000&ssl=1\" \/>\n\t<meta property=\"og:image:width\" content=\"1000\" \/>\n\t<meta property=\"og:image:height\" content=\"1000\" \/>\n\t<meta property=\"og:image:type\" content=\"image\/jpeg\" \/>\n<meta name=\"twitter:card\" content=\"summary_large_image\" \/>\n<script type=\"application\/ld+json\" class=\"yoast-schema-graph\">{\"@context\":\"https:\\\/\\\/schema.org\",\"@graph\":[{\"@type\":\"WebPage\",\"@id\":\"https:\\\/\\\/tassili.ca\\\/en\\\/produit\\\/celtique-round-shower-34-in-frosted-glass\\\/\",\"url\":\"https:\\\/\\\/tassili.ca\\\/en\\\/produit\\\/celtique-round-shower-34-in-frosted-glass\\\/\",\"name\":\"Celtique Round Shower 34 in. (Frosted Glass) - Tassili\",\"isPartOf\":{\"@id\":\"https:\\\/\\\/tassili.ca\\\/en\\\/#website\"},\"primaryImageOfPage\":{\"@id\":\"https:\\\/\\\/tassili.ca\\\/en\\\/produit\\\/celtique-round-shower-34-in-frosted-glass\\\/#primaryimage\"},\"image\":{\"@id\":\"https:\\\/\\\/tassili.ca\\\/en\\\/produit\\\/celtique-round-shower-34-in-frosted-glass\\\/#primaryimage\"},\"thumbnailUrl\":\"https:\\\/\\\/i0.wp.com\\\/tassili.ca\\\/wp-content\\\/uploads\\\/2025\\\/06\\\/KD3201_1.jpg?fit=1000%2C1000&ssl=1\",\"datePublished\":\"2025-08-07T16:09:31+00:00\",\"dateModified\":\"2025-08-15T12:50:15+00:00\",\"breadcrumb\":{\"@id\":\"https:\\\/\\\/tassili.ca\\\/en\\\/produit\\\/celtique-round-shower-34-in-frosted-glass\\\/#breadcrumb\"},\"inLanguage\":\"en-US\",\"potentialAction\":[{\"@type\":\"ReadAction\",\"target\":[\"https:\\\/\\\/tassili.ca\\\/en\\\/produit\\\/celtique-round-shower-34-in-frosted-glass\\\/\"]}]},{\"@type\":\"ImageObject\",\"inLanguage\":\"en-US\",\"@id\":\"https:\\\/\\\/tassili.ca\\\/en\\\/produit\\\/celtique-round-shower-34-in-frosted-glass\\\/#primaryimage\",\"url\":\"https:\\\/\\\/i0.wp.com\\\/tassili.ca\\\/wp-content\\\/uploads\\\/2025\\\/06\\\/KD3201_1.jpg?fit=1000%2C1000&ssl=1\",\"contentUrl\":\"https:\\\/\\\/i0.wp.com\\\/tassili.ca\\\/wp-content\\\/uploads\\\/2025\\\/06\\\/KD3201_1.jpg?fit=1000%2C1000&ssl=1\",\"width\":1000,\"height\":1000},{\"@type\":\"BreadcrumbList\",\"@id\":\"https:\\\/\\\/tassili.ca\\\/en\\\/produit\\\/celtique-round-shower-34-in-frosted-glass\\\/#breadcrumb\",\"itemListElement\":[{\"@type\":\"ListItem\",\"position\":1,\"name\":\"Accueil\",\"item\":\"https:\\\/\\\/tassili.ca\\\/en\\\/\"},{\"@type\":\"ListItem\",\"position\":2,\"name\":\"Shop\",\"item\":\"https:\\\/\\\/tassili.ca\\\/en\\\/shop\\\/\"},{\"@type\":\"ListItem\",\"position\":3,\"name\":\"Archives\",\"item\":\"https:\\\/\\\/tassili.ca\\\/en\\\/product-category\\\/archives-en\\\/\"},{\"@type\":\"ListItem\",\"position\":4,\"name\":\"Celtique Round Shower 34 in. (Frosted Glass)\"}]},{\"@type\":\"WebSite\",\"@id\":\"https:\\\/\\\/tassili.ca\\\/en\\\/#website\",\"url\":\"https:\\\/\\\/tassili.ca\\\/en\\\/\",\"name\":\"Tassili\",\"description\":\"Inspirer votre quotidien\",\"potentialAction\":[{\"@type\":\"SearchAction\",\"target\":{\"@type\":\"EntryPoint\",\"urlTemplate\":\"https:\\\/\\\/tassili.ca\\\/en\\\/?s={search_term_string}\"},\"query-input\":{\"@type\":\"PropertyValueSpecification\",\"valueRequired\":true,\"valueName\":\"search_term_string\"}}],\"inLanguage\":\"en-US\"}]}<\/script>\n<!-- \/ Yoast SEO plugin. -->","yoast_head_json":{"title":"Celtique Round Shower 34 in. (Frosted Glass) - Tassili","robots":{"index":"index","follow":"follow","max-snippet":"max-snippet:-1","max-image-preview":"max-image-preview:large","max-video-preview":"max-video-preview:-1"},"canonical":"https:\/\/tassili.ca\/en\/produit\/celtique-round-shower-34-in-frosted-glass\/","og_locale":"en_US","og_type":"article","og_title":"Celtique Round Shower 34 in. (Frosted Glass) - Tassili","og_description":"Douche de coin ronde avec murs et base en acrylique. Portes coulissantes doubles en verre tremp\u00e9 givr\u00e9 6 mm avec contour et poign\u00e9es chrome. Mur 2 pi\u00e8ces avec tablettes int\u00e9gr\u00e9es. La base et les murs des douches Celtique ne contiennent pas de C.O.V. C&#8217;est donc une solution beaucoup plus respectueuse de l\u2019environnement et s\u00e9curitaire pour [&hellip;]","og_url":"https:\/\/tassili.ca\/en\/produit\/celtique-round-shower-34-in-frosted-glass\/","og_site_name":"Tassili","article_modified_time":"2025-08-15T12:50:15+00:00","og_image":[{"width":1000,"height":1000,"url":"https:\/\/i0.wp.com\/tassili.ca\/wp-content\/uploads\/2025\/06\/KD3201_1.jpg?fit=1000%2C1000&ssl=1","type":"image\/jpeg"}],"twitter_card":"summary_large_image","schema":{"@context":"https:\/\/schema.org","@graph":[{"@type":"WebPage","@id":"https:\/\/tassili.ca\/en\/produit\/celtique-round-shower-34-in-frosted-glass\/","url":"https:\/\/tassili.ca\/en\/produit\/celtique-round-shower-34-in-frosted-glass\/","name":"Celtique Round Shower 34 in. (Frosted Glass) - Tassili","isPartOf":{"@id":"https:\/\/tassili.ca\/en\/#website"},"primaryImageOfPage":{"@id":"https:\/\/tassili.ca\/en\/produit\/celtique-round-shower-34-in-frosted-glass\/#primaryimage"},"image":{"@id":"https:\/\/tassili.ca\/en\/produit\/celtique-round-shower-34-in-frosted-glass\/#primaryimage"},"thumbnailUrl":"https:\/\/i0.wp.com\/tassili.ca\/wp-content\/uploads\/2025\/06\/KD3201_1.jpg?fit=1000%2C1000&ssl=1","datePublished":"2025-08-07T16:09:31+00:00","dateModified":"2025-08-15T12:50:15+00:00","breadcrumb":{"@id":"https:\/\/tassili.ca\/en\/produit\/celtique-round-shower-34-in-frosted-glass\/#breadcrumb"},"inLanguage":"en-US","potentialAction":[{"@type":"ReadAction","target":["https:\/\/tassili.ca\/en\/produit\/celtique-round-shower-34-in-frosted-glass\/"]}]},{"@type":"ImageObject","inLanguage":"en-US","@id":"https:\/\/tassili.ca\/en\/produit\/celtique-round-shower-34-in-frosted-glass\/#primaryimage","url":"https:\/\/i0.wp.com\/tassili.ca\/wp-content\/uploads\/2025\/06\/KD3201_1.jpg?fit=1000%2C1000&ssl=1","contentUrl":"https:\/\/i0.wp.com\/tassili.ca\/wp-content\/uploads\/2025\/06\/KD3201_1.jpg?fit=1000%2C1000&ssl=1","width":1000,"height":1000},{"@type":"BreadcrumbList","@id":"https:\/\/tassili.ca\/en\/produit\/celtique-round-shower-34-in-frosted-glass\/#breadcrumb","itemListElement":[{"@type":"ListItem","position":1,"name":"Accueil","item":"https:\/\/tassili.ca\/en\/"},{"@type":"ListItem","position":2,"name":"Shop","item":"https:\/\/tassili.ca\/en\/shop\/"},{"@type":"ListItem","position":3,"name":"Archives","item":"https:\/\/tassili.ca\/en\/product-category\/archives-en\/"},{"@type":"ListItem","position":4,"name":"Celtique Round Shower 34 in. (Frosted Glass)"}]},{"@type":"WebSite","@id":"https:\/\/tassili.ca\/en\/#website","url":"https:\/\/tassili.ca\/en\/","name":"Tassili","description":"Inspirer votre quotidien","potentialAction":[{"@type":"SearchAction","target":{"@type":"EntryPoint","urlTemplate":"https:\/\/tassili.ca\/en\/?s={search_term_string}"},"query-input":{"@type":"PropertyValueSpecification","valueRequired":true,"valueName":"search_term_string"}}],"inLanguage":"en-US"}]}},"jetpack_publicize_connections":[],"jetpack_likes_enabled":true,"jetpack_sharing_enabled":true,"_links":{"self":[{"href":"https:\/\/tassili.ca\/en\/wp-json\/wp\/v2\/product\/11291","targetHints":{"allow":["GET"]}}],"collection":[{"href":"https:\/\/tassili.ca\/en\/wp-json\/wp\/v2\/product"}],"about":[{"href":"https:\/\/tassili.ca\/en\/wp-json\/wp\/v2\/types\/product"}],"wp:featuredmedia":[{"embeddable":true,"href":"https:\/\/tassili.ca\/en\/wp-json\/wp\/v2\/media\/1566"}],"wp:attachment":[{"href":"https:\/\/tassili.ca\/en\/wp-json\/wp\/v2\/media?parent=11291"}],"wp:term":[{"taxonomy":"product_brand","embeddable":true,"href":"https:\/\/tassili.ca\/en\/wp-json\/wp\/v2\/product_brand?post=11291"},{"taxonomy":"product_cat","embeddable":true,"href":"https:\/\/tassili.ca\/en\/wp-json\/wp\/v2\/product_cat?post=11291"},{"taxonomy":"product_tag","embeddable":true,"href":"https:\/\/tassili.ca\/en\/wp-json\/wp\/v2\/product_tag?post=11291"}],"curies":[{"name":"wp","href":"https:\/\/api.w.org\/{rel}","templated":true}]}}