{"id":11329,"date":"2025-08-07T12:10:30","date_gmt":"2025-08-07T16:10:30","guid":{"rendered":"https:\/\/tassili.ca\/?post_type=product&#038;p=11329"},"modified":"2025-08-15T08:50:23","modified_gmt":"2025-08-15T12:50:23","slug":"alaska-alcove-shower-60-in-x-32-in-square-finish-chrome","status":"publish","type":"product","link":"https:\/\/tassili.ca\/en\/produit\/alaska-alcove-shower-60-in-x-32-in-square-finish-chrome\/","title":{"rendered":"Alaska Alcove Shower 60 in. x 32 in. Square Finish Chrome"},"content":{"rendered":"<p>Douche en alc\u00f4ve rectangulaire pour murs de c\u00e9ramique. <\/p>\n<p> Comprend :<br \/>\n Base en acrylique avec drainage central<br \/>\n Porte coulissante et panneau lat\u00e9ral r\u00e9versibles G\/D en verre tremp\u00e9 clair 8 mm<br \/>\n M\u00e9canisme coulissant carr\u00e9 (partie apparente)<br \/>\n Fini chrome <\/p>\n<p> (Robinetterie, drain de plancher et accessoires vendus s\u00e9par\u00e9ment).<\/p>\n","protected":false},"excerpt":{"rendered":"<p>Douche en alc\u00f4ve rectangulaire pour murs de c\u00e9ramique. Comprend : Base en acrylique avec drainage central Porte coulissante et panneau lat\u00e9ral r\u00e9versibles G\/D en verre tremp\u00e9 clair 8 mm M\u00e9canisme coulissant carr\u00e9 (partie apparente) Fini chrome (Robinetterie, drain de plancher et accessoires vendus s\u00e9par\u00e9ment).<\/p>\n","protected":false},"featured_media":1629,"template":"","meta":{"_et_pb_use_builder":"","_et_pb_old_content":"","_et_gb_content_width":"","_crdt_document":"","jetpack_post_was_ever_published":true,"jetpack_publicize_message":"","jetpack_publicize_feature_enabled":true,"jetpack_social_post_already_shared":true,"jetpack_social_options":{"image_generator_settings":{"template":"highway","default_image_id":0,"font":"","enabled":false},"version":2},"_wpas_customize_per_network":false},"product_brand":[],"product_cat":[16529],"product_tag":[16639],"class_list":{"0":"post-11329","1":"product","2":"type-product","3":"status-publish","4":"has-post-thumbnail","6":"product_cat-archives-en","7":"product_tag-new-2","9":"first","10":"outofstock","11":"shipping-taxable","12":"product-type-simple"},"yoast_head":"<!-- This site is optimized with the Yoast SEO plugin v27.3 - https:\/\/yoast.com\/product\/yoast-seo-wordpress\/ -->\n<title>Alaska Alcove Shower 60 in. x 32 in. Square Finish Chrome - Tassili<\/title>\n<meta name=\"robots\" content=\"index, follow, max-snippet:-1, max-image-preview:large, max-video-preview:-1\" \/>\n<link rel=\"canonical\" href=\"https:\/\/tassili.ca\/en\/produit\/alaska-alcove-shower-60-in-x-32-in-square-finish-chrome\/\" \/>\n<meta property=\"og:locale\" content=\"en_US\" \/>\n<meta property=\"og:type\" content=\"article\" \/>\n<meta property=\"og:title\" content=\"Alaska Alcove Shower 60 in. x 32 in. Square Finish Chrome - Tassili\" \/>\n<meta property=\"og:description\" content=\"Douche en alc\u00f4ve rectangulaire pour murs de c\u00e9ramique. Comprend : Base en acrylique avec drainage central Porte coulissante et panneau lat\u00e9ral r\u00e9versibles G\/D en verre tremp\u00e9 clair 8 mm M\u00e9canisme coulissant carr\u00e9 (partie apparente) Fini chrome (Robinetterie, drain de plancher et accessoires vendus s\u00e9par\u00e9ment).\" \/>\n<meta property=\"og:url\" content=\"https:\/\/tassili.ca\/en\/produit\/alaska-alcove-shower-60-in-x-32-in-square-finish-chrome\/\" \/>\n<meta property=\"og:site_name\" content=\"Tassili\" \/>\n<meta property=\"article:modified_time\" content=\"2025-08-15T12:50:23+00:00\" \/>\n<meta property=\"og:image\" content=\"https:\/\/i0.wp.com\/tassili.ca\/wp-content\/uploads\/2025\/06\/KD3239_1.jpg?fit=1000%2C1000&ssl=1\" \/>\n\t<meta property=\"og:image:width\" content=\"1000\" \/>\n\t<meta property=\"og:image:height\" content=\"1000\" \/>\n\t<meta property=\"og:image:type\" content=\"image\/jpeg\" \/>\n<meta name=\"twitter:card\" content=\"summary_large_image\" \/>\n<script type=\"application\/ld+json\" class=\"yoast-schema-graph\">{\"@context\":\"https:\\\/\\\/schema.org\",\"@graph\":[{\"@type\":\"WebPage\",\"@id\":\"https:\\\/\\\/tassili.ca\\\/en\\\/produit\\\/alaska-alcove-shower-60-in-x-32-in-square-finish-chrome\\\/\",\"url\":\"https:\\\/\\\/tassili.ca\\\/en\\\/produit\\\/alaska-alcove-shower-60-in-x-32-in-square-finish-chrome\\\/\",\"name\":\"Alaska Alcove Shower 60 in. x 32 in. Square Finish Chrome - Tassili\",\"isPartOf\":{\"@id\":\"https:\\\/\\\/tassili.ca\\\/en\\\/#website\"},\"primaryImageOfPage\":{\"@id\":\"https:\\\/\\\/tassili.ca\\\/en\\\/produit\\\/alaska-alcove-shower-60-in-x-32-in-square-finish-chrome\\\/#primaryimage\"},\"image\":{\"@id\":\"https:\\\/\\\/tassili.ca\\\/en\\\/produit\\\/alaska-alcove-shower-60-in-x-32-in-square-finish-chrome\\\/#primaryimage\"},\"thumbnailUrl\":\"https:\\\/\\\/i0.wp.com\\\/tassili.ca\\\/wp-content\\\/uploads\\\/2025\\\/06\\\/KD3239_1.jpg?fit=1000%2C1000&ssl=1\",\"datePublished\":\"2025-08-07T16:10:30+00:00\",\"dateModified\":\"2025-08-15T12:50:23+00:00\",\"breadcrumb\":{\"@id\":\"https:\\\/\\\/tassili.ca\\\/en\\\/produit\\\/alaska-alcove-shower-60-in-x-32-in-square-finish-chrome\\\/#breadcrumb\"},\"inLanguage\":\"en-US\",\"potentialAction\":[{\"@type\":\"ReadAction\",\"target\":[\"https:\\\/\\\/tassili.ca\\\/en\\\/produit\\\/alaska-alcove-shower-60-in-x-32-in-square-finish-chrome\\\/\"]}]},{\"@type\":\"ImageObject\",\"inLanguage\":\"en-US\",\"@id\":\"https:\\\/\\\/tassili.ca\\\/en\\\/produit\\\/alaska-alcove-shower-60-in-x-32-in-square-finish-chrome\\\/#primaryimage\",\"url\":\"https:\\\/\\\/i0.wp.com\\\/tassili.ca\\\/wp-content\\\/uploads\\\/2025\\\/06\\\/KD3239_1.jpg?fit=1000%2C1000&ssl=1\",\"contentUrl\":\"https:\\\/\\\/i0.wp.com\\\/tassili.ca\\\/wp-content\\\/uploads\\\/2025\\\/06\\\/KD3239_1.jpg?fit=1000%2C1000&ssl=1\",\"width\":1000,\"height\":1000},{\"@type\":\"BreadcrumbList\",\"@id\":\"https:\\\/\\\/tassili.ca\\\/en\\\/produit\\\/alaska-alcove-shower-60-in-x-32-in-square-finish-chrome\\\/#breadcrumb\",\"itemListElement\":[{\"@type\":\"ListItem\",\"position\":1,\"name\":\"Accueil\",\"item\":\"https:\\\/\\\/tassili.ca\\\/en\\\/\"},{\"@type\":\"ListItem\",\"position\":2,\"name\":\"Shop\",\"item\":\"https:\\\/\\\/tassili.ca\\\/en\\\/shop\\\/\"},{\"@type\":\"ListItem\",\"position\":3,\"name\":\"Bathroom\",\"item\":\"https:\\\/\\\/tassili.ca\\\/en\\\/product-category\\\/bathroom\\\/\"},{\"@type\":\"ListItem\",\"position\":4,\"name\":\"Showers\",\"item\":\"https:\\\/\\\/tassili.ca\\\/en\\\/product-category\\\/bathroom\\\/showers\\\/\"},{\"@type\":\"ListItem\",\"position\":5,\"name\":\"Alaska Alcove Shower 60 in. x 32 in. Square Finish Chrome\"}]},{\"@type\":\"WebSite\",\"@id\":\"https:\\\/\\\/tassili.ca\\\/en\\\/#website\",\"url\":\"https:\\\/\\\/tassili.ca\\\/en\\\/\",\"name\":\"Tassili\",\"description\":\"Inspirer votre quotidien\",\"potentialAction\":[{\"@type\":\"SearchAction\",\"target\":{\"@type\":\"EntryPoint\",\"urlTemplate\":\"https:\\\/\\\/tassili.ca\\\/en\\\/?s={search_term_string}\"},\"query-input\":{\"@type\":\"PropertyValueSpecification\",\"valueRequired\":true,\"valueName\":\"search_term_string\"}}],\"inLanguage\":\"en-US\"}]}<\/script>\n<!-- \/ Yoast SEO plugin. -->","yoast_head_json":{"title":"Alaska Alcove Shower 60 in. x 32 in. Square Finish Chrome - Tassili","robots":{"index":"index","follow":"follow","max-snippet":"max-snippet:-1","max-image-preview":"max-image-preview:large","max-video-preview":"max-video-preview:-1"},"canonical":"https:\/\/tassili.ca\/en\/produit\/alaska-alcove-shower-60-in-x-32-in-square-finish-chrome\/","og_locale":"en_US","og_type":"article","og_title":"Alaska Alcove Shower 60 in. x 32 in. Square Finish Chrome - Tassili","og_description":"Douche en alc\u00f4ve rectangulaire pour murs de c\u00e9ramique. Comprend : Base en acrylique avec drainage central Porte coulissante et panneau lat\u00e9ral r\u00e9versibles G\/D en verre tremp\u00e9 clair 8 mm M\u00e9canisme coulissant carr\u00e9 (partie apparente) Fini chrome (Robinetterie, drain de plancher et accessoires vendus s\u00e9par\u00e9ment).","og_url":"https:\/\/tassili.ca\/en\/produit\/alaska-alcove-shower-60-in-x-32-in-square-finish-chrome\/","og_site_name":"Tassili","article_modified_time":"2025-08-15T12:50:23+00:00","og_image":[{"width":1000,"height":1000,"url":"https:\/\/i0.wp.com\/tassili.ca\/wp-content\/uploads\/2025\/06\/KD3239_1.jpg?fit=1000%2C1000&ssl=1","type":"image\/jpeg"}],"twitter_card":"summary_large_image","schema":{"@context":"https:\/\/schema.org","@graph":[{"@type":"WebPage","@id":"https:\/\/tassili.ca\/en\/produit\/alaska-alcove-shower-60-in-x-32-in-square-finish-chrome\/","url":"https:\/\/tassili.ca\/en\/produit\/alaska-alcove-shower-60-in-x-32-in-square-finish-chrome\/","name":"Alaska Alcove Shower 60 in. x 32 in. Square Finish Chrome - Tassili","isPartOf":{"@id":"https:\/\/tassili.ca\/en\/#website"},"primaryImageOfPage":{"@id":"https:\/\/tassili.ca\/en\/produit\/alaska-alcove-shower-60-in-x-32-in-square-finish-chrome\/#primaryimage"},"image":{"@id":"https:\/\/tassili.ca\/en\/produit\/alaska-alcove-shower-60-in-x-32-in-square-finish-chrome\/#primaryimage"},"thumbnailUrl":"https:\/\/i0.wp.com\/tassili.ca\/wp-content\/uploads\/2025\/06\/KD3239_1.jpg?fit=1000%2C1000&ssl=1","datePublished":"2025-08-07T16:10:30+00:00","dateModified":"2025-08-15T12:50:23+00:00","breadcrumb":{"@id":"https:\/\/tassili.ca\/en\/produit\/alaska-alcove-shower-60-in-x-32-in-square-finish-chrome\/#breadcrumb"},"inLanguage":"en-US","potentialAction":[{"@type":"ReadAction","target":["https:\/\/tassili.ca\/en\/produit\/alaska-alcove-shower-60-in-x-32-in-square-finish-chrome\/"]}]},{"@type":"ImageObject","inLanguage":"en-US","@id":"https:\/\/tassili.ca\/en\/produit\/alaska-alcove-shower-60-in-x-32-in-square-finish-chrome\/#primaryimage","url":"https:\/\/i0.wp.com\/tassili.ca\/wp-content\/uploads\/2025\/06\/KD3239_1.jpg?fit=1000%2C1000&ssl=1","contentUrl":"https:\/\/i0.wp.com\/tassili.ca\/wp-content\/uploads\/2025\/06\/KD3239_1.jpg?fit=1000%2C1000&ssl=1","width":1000,"height":1000},{"@type":"BreadcrumbList","@id":"https:\/\/tassili.ca\/en\/produit\/alaska-alcove-shower-60-in-x-32-in-square-finish-chrome\/#breadcrumb","itemListElement":[{"@type":"ListItem","position":1,"name":"Accueil","item":"https:\/\/tassili.ca\/en\/"},{"@type":"ListItem","position":2,"name":"Shop","item":"https:\/\/tassili.ca\/en\/shop\/"},{"@type":"ListItem","position":3,"name":"Bathroom","item":"https:\/\/tassili.ca\/en\/product-category\/bathroom\/"},{"@type":"ListItem","position":4,"name":"Showers","item":"https:\/\/tassili.ca\/en\/product-category\/bathroom\/showers\/"},{"@type":"ListItem","position":5,"name":"Alaska Alcove Shower 60 in. x 32 in. Square Finish Chrome"}]},{"@type":"WebSite","@id":"https:\/\/tassili.ca\/en\/#website","url":"https:\/\/tassili.ca\/en\/","name":"Tassili","description":"Inspirer votre quotidien","potentialAction":[{"@type":"SearchAction","target":{"@type":"EntryPoint","urlTemplate":"https:\/\/tassili.ca\/en\/?s={search_term_string}"},"query-input":{"@type":"PropertyValueSpecification","valueRequired":true,"valueName":"search_term_string"}}],"inLanguage":"en-US"}]}},"jetpack_publicize_connections":[],"jetpack_likes_enabled":true,"jetpack_sharing_enabled":true,"_links":{"self":[{"href":"https:\/\/tassili.ca\/en\/wp-json\/wp\/v2\/product\/11329","targetHints":{"allow":["GET"]}}],"collection":[{"href":"https:\/\/tassili.ca\/en\/wp-json\/wp\/v2\/product"}],"about":[{"href":"https:\/\/tassili.ca\/en\/wp-json\/wp\/v2\/types\/product"}],"wp:featuredmedia":[{"embeddable":true,"href":"https:\/\/tassili.ca\/en\/wp-json\/wp\/v2\/media\/1629"}],"wp:attachment":[{"href":"https:\/\/tassili.ca\/en\/wp-json\/wp\/v2\/media?parent=11329"}],"wp:term":[{"taxonomy":"product_brand","embeddable":true,"href":"https:\/\/tassili.ca\/en\/wp-json\/wp\/v2\/product_brand?post=11329"},{"taxonomy":"product_cat","embeddable":true,"href":"https:\/\/tassili.ca\/en\/wp-json\/wp\/v2\/product_cat?post=11329"},{"taxonomy":"product_tag","embeddable":true,"href":"https:\/\/tassili.ca\/en\/wp-json\/wp\/v2\/product_tag?post=11329"}],"curies":[{"name":"wp","href":"https:\/\/api.w.org\/{rel}","templated":true}]}}